{"id":6199,"date":"2022-03-22T18:30:51","date_gmt":"2022-03-22T17:30:51","guid":{"rendered":"https:\/\/masserialabrunetta.it\/?page_id=6199"},"modified":"2022-03-22T18:31:28","modified_gmt":"2022-03-22T17:31:28","slug":"schwimmbad","status":"publish","type":"page","link":"https:\/\/www.masserialabrunetta.it\/de\/schwimmbad\/","title":{"rendered":"Schwimmbad"},"content":{"rendered":"\t\t<div data-elementor-type=\"wp-page\" data-elementor-id=\"6199\" class=\"elementor elementor-6199\" data-elementor-settings=\"[]\">\n\t\t\t\t\t\t\t<div class=\"elementor-section-wrap\">\n\t\t\t\t\t\t\t<section class=\"elementor-section elementor-top-section elementor-element elementor-element-742439bc elementor-section-full_width qodef-elementor-content-grid elementor-section-height-default elementor-section-height-default\" data-id=\"742439bc\" data-element_type=\"section\">\n\t\t\t\t\t\t<div class=\"elementor-container elementor-column-gap-no\">\n\t\t\t\t\t<div class=\"elementor-column elementor-col-100 elementor-top-column elementor-element elementor-element-704d1203\" data-id=\"704d1203\" data-element_type=\"column\">\n\t\t\t<div class=\"elementor-widget-wrap elementor-element-populated\">\n\t\t\t\t\t\t\t\t<div class=\"elementor-element elementor-element-2ef9d75a elementor-widget elementor-widget-alloggio_core_section_title\" data-id=\"2ef9d75a\" data-element_type=\"widget\" data-widget_type=\"alloggio_core_section_title.default\">\n\t\t\t\t<div class=\"elementor-widget-container\">\n\t\t\t<div class=\"qodef-shortcode qodef-m  qodef-section-title qodef-alignment--center\">\n\t\t<h2 class=\"qodef-m-title\" >\n\t\t\t\t\tEin Sprung ins Blaue.\t\t\t<\/h2>\n\t\t<span class=\"qodef-m-text\" style=\"margin-top: 25px\">Wasser ist ein grundlegendes Element f\u00fcr die Harmonie der Masseria La Brunetta. \nUnser Schwimmbad wurde entworfen und gebaut, um Ihnen eine Atmosph\u00e4re von Farben und nat\u00fcrlicher Umgebung zur\u00fcckzugeben.\n<\/span>\n<\/div>\t\t<\/div>\n\t\t\t\t<\/div>\n\t\t\t\t\t<\/div>\n\t\t<\/div>\n\t\t\t\t\t\t\t<\/div>\n\t\t<\/section>\n\t\t\t\t<section class=\"elementor-section elementor-top-section elementor-element elementor-element-5364e0c elementor-section-full_width qodef-elementor-content-grid elementor-section-height-default elementor-section-height-default\" data-id=\"5364e0c\" data-element_type=\"section\">\n\t\t\t\t\t\t<div class=\"elementor-container elementor-column-gap-no\">\n\t\t\t\t\t<div class=\"elementor-column elementor-col-100 elementor-top-column elementor-element elementor-element-f5fe06a\" data-id=\"f5fe06a\" data-element_type=\"column\">\n\t\t\t<div class=\"elementor-widget-wrap elementor-element-populated\">\n\t\t\t\t\t\t\t\t<div class=\"elementor-element elementor-element-dfd3af8 elementor-widget elementor-widget-text-editor\" data-id=\"dfd3af8\" data-element_type=\"widget\" data-widget_type=\"text-editor.default\">\n\t\t\t\t<div class=\"elementor-widget-container\">\n\t\t\t\t\t\t\t<p class=\"p1\"><span class=\"s1\">Hier k\u00f6nnen Sie wahre Momente der Entspannung genie\u00dfen und sich um das Wohlbefinden von K\u00f6rper und Geist k\u00fcmmern.<span class=\"Apple-converted-space\">\u00a0<\/span><\/span><\/p><p class=\"p1\"><span class=\"s1\">Ein Fr\u00fchst\u00fcck am Pool, ein Bad an hei\u00dfen Tagen, wenn Sie nicht an den Strand gehen wollen, ein Gespr\u00e4ch mit der Person, die Sie lieben, umgeben von der tiefblauen und gr\u00fcnen Umgebung, sind ein Luxus, den wir Ihnen bieten m\u00f6chten und der f\u00fcr uns einen der wichtigsten Werte f\u00fcr Ihr Urlaubserlebnis darstellt.<span class=\"Apple-converted-space\">\u00a0<\/span><\/span><\/p>\t\t\t\t\t\t<\/div>\n\t\t\t\t<\/div>\n\t\t\t\t\t<\/div>\n\t\t<\/div>\n\t\t\t\t\t\t\t<\/div>\n\t\t<\/section>\n\t\t\t\t<section class=\"elementor-section elementor-top-section elementor-element elementor-element-9b36961 elementor-section-full_width qodef-elementor-content-grid elementor-section-height-default elementor-section-height-default\" data-id=\"9b36961\" data-element_type=\"section\">\n\t\t\t\t\t\t<div class=\"elementor-container elementor-column-gap-no\">\n\t\t\t\t\t<div class=\"elementor-column elementor-col-100 elementor-top-column elementor-element elementor-element-27c349a\" data-id=\"27c349a\" data-element_type=\"column\">\n\t\t\t<div class=\"elementor-widget-wrap elementor-element-populated\">\n\t\t\t\t\t\t\t\t<div class=\"elementor-element elementor-element-ca3c247 elementor-widget elementor-widget-image-gallery\" data-id=\"ca3c247\" data-element_type=\"widget\" data-widget_type=\"image-gallery.default\">\n\t\t\t\t<div class=\"elementor-widget-container\">\n\t\t\t\t\t<div class=\"elementor-image-gallery\">\n\t\t\t\n\t\t<style type=\"text\/css\">\n\t\t\t#gallery-1 {\n\t\t\t\tmargin: auto;\n\t\t\t}\n\t\t\t#gallery-1 .gallery-item {\n\t\t\t\tfloat: left;\n\t\t\t\tmargin-top: 10px;\n\t\t\t\ttext-align: center;\n\t\t\t\twidth: 25%;\n\t\t\t}\n\t\t\t#gallery-1 img {\n\t\t\t\tborder: 2px solid #cfcfcf;\n\t\t\t}\n\t\t\t#gallery-1 .gallery-caption {\n\t\t\t\tmargin-left: 0;\n\t\t\t}\n\t\t\t\/* see gallery_shortcode() in wp-includes\/media.php *\/\n\t\t<\/style>\n\t\t<div id='gallery-1' class='gallery galleryid-6199 gallery-columns-4 gallery-size-qi_addons_for_elementor_image_size_square'><dl class='gallery-item'>\n\t\t\t<dt class='gallery-icon landscape'>\n\t\t\t\t<a data-elementor-open-lightbox=\"yes\" data-elementor-lightbox-slideshow=\"ca3c247\" data-elementor-lightbox-title=\"Masseria La Brunetta | Massafra | photo \u00a9 Pierangelo Laterza\" href='https:\/\/www.masserialabrunetta.it\/wp-content\/uploads\/2022\/01\/LaBrunetta_PLaterza_156_WEB.jpg'><img loading=\"lazy\" decoding=\"async\" width=\"650\" height=\"650\" src=\"https:\/\/www.masserialabrunetta.it\/wp-content\/uploads\/2022\/01\/LaBrunetta_PLaterza_156_WEB-650x650.jpg\" class=\"attachment-qi_addons_for_elementor_image_size_square size-qi_addons_for_elementor_image_size_square\" alt=\"\" srcset=\"https:\/\/www.masserialabrunetta.it\/wp-content\/uploads\/2022\/01\/LaBrunetta_PLaterza_156_WEB-650x650.jpg 650w, https:\/\/www.masserialabrunetta.it\/wp-content\/uploads\/2022\/01\/LaBrunetta_PLaterza_156_WEB-300x300.jpg 300w, https:\/\/www.masserialabrunetta.it\/wp-content\/uploads\/2022\/01\/LaBrunetta_PLaterza_156_WEB-100x100.jpg 100w, https:\/\/www.masserialabrunetta.it\/wp-content\/uploads\/2022\/01\/LaBrunetta_PLaterza_156_WEB-150x150.jpg 150w, https:\/\/www.masserialabrunetta.it\/wp-content\/uploads\/2022\/01\/LaBrunetta_PLaterza_156_WEB-1300x1300.jpg 1300w\" sizes=\"auto, (max-width: 650px) 100vw, 650px\" \/><\/a>\n\t\t\t<\/dt><\/dl><dl class='gallery-item'>\n\t\t\t<dt class='gallery-icon portrait'>\n\t\t\t\t<a data-elementor-open-lightbox=\"yes\" data-elementor-lightbox-slideshow=\"ca3c247\" data-elementor-lightbox-title=\"Masseria La Brunetta | Massafra | photo \u00a9 Pierangelo Laterza\" href='https:\/\/www.masserialabrunetta.it\/wp-content\/uploads\/2022\/01\/LaBrunetta_PLaterza_155_WEB.jpg'><img loading=\"lazy\" decoding=\"async\" width=\"650\" height=\"650\" src=\"https:\/\/www.masserialabrunetta.it\/wp-content\/uploads\/2022\/01\/LaBrunetta_PLaterza_155_WEB-650x650.jpg\" class=\"attachment-qi_addons_for_elementor_image_size_square size-qi_addons_for_elementor_image_size_square\" alt=\"\" srcset=\"https:\/\/www.masserialabrunetta.it\/wp-content\/uploads\/2022\/01\/LaBrunetta_PLaterza_155_WEB-650x650.jpg 650w, https:\/\/www.masserialabrunetta.it\/wp-content\/uploads\/2022\/01\/LaBrunetta_PLaterza_155_WEB-300x300.jpg 300w, https:\/\/www.masserialabrunetta.it\/wp-content\/uploads\/2022\/01\/LaBrunetta_PLaterza_155_WEB-100x100.jpg 100w, https:\/\/www.masserialabrunetta.it\/wp-content\/uploads\/2022\/01\/LaBrunetta_PLaterza_155_WEB-150x150.jpg 150w, https:\/\/www.masserialabrunetta.it\/wp-content\/uploads\/2022\/01\/LaBrunetta_PLaterza_155_WEB-1300x1300.jpg 1300w\" sizes=\"auto, (max-width: 650px) 100vw, 650px\" \/><\/a>\n\t\t\t<\/dt><\/dl><dl class='gallery-item'>\n\t\t\t<dt class='gallery-icon portrait'>\n\t\t\t\t<a data-elementor-open-lightbox=\"yes\" data-elementor-lightbox-slideshow=\"ca3c247\" data-elementor-lightbox-title=\"Masseria La Brunetta | Massafra | photo \u00a9 Pierangelo Laterza\" href='https:\/\/www.masserialabrunetta.it\/wp-content\/uploads\/2022\/01\/LaBrunetta_PLaterza_039_WEB.jpg'><img loading=\"lazy\" decoding=\"async\" width=\"650\" height=\"650\" src=\"https:\/\/www.masserialabrunetta.it\/wp-content\/uploads\/2022\/01\/LaBrunetta_PLaterza_039_WEB-650x650.jpg\" class=\"attachment-qi_addons_for_elementor_image_size_square size-qi_addons_for_elementor_image_size_square\" alt=\"\" srcset=\"https:\/\/www.masserialabrunetta.it\/wp-content\/uploads\/2022\/01\/LaBrunetta_PLaterza_039_WEB-650x650.jpg 650w, https:\/\/www.masserialabrunetta.it\/wp-content\/uploads\/2022\/01\/LaBrunetta_PLaterza_039_WEB-300x300.jpg 300w, https:\/\/www.masserialabrunetta.it\/wp-content\/uploads\/2022\/01\/LaBrunetta_PLaterza_039_WEB-100x100.jpg 100w, https:\/\/www.masserialabrunetta.it\/wp-content\/uploads\/2022\/01\/LaBrunetta_PLaterza_039_WEB-150x150.jpg 150w, https:\/\/www.masserialabrunetta.it\/wp-content\/uploads\/2022\/01\/LaBrunetta_PLaterza_039_WEB-1300x1300.jpg 1300w\" sizes=\"auto, (max-width: 650px) 100vw, 650px\" \/><\/a>\n\t\t\t<\/dt><\/dl><dl class='gallery-item'>\n\t\t\t<dt class='gallery-icon landscape'>\n\t\t\t\t<a data-elementor-open-lightbox=\"yes\" data-elementor-lightbox-slideshow=\"ca3c247\" data-elementor-lightbox-title=\"Masseria La Brunetta | Massafra | photo \u00a9 Pierangelo Laterza\" href='https:\/\/www.masserialabrunetta.it\/wp-content\/uploads\/2022\/01\/LaBrunetta_PLaterza_037_WEB.jpg'><img loading=\"lazy\" decoding=\"async\" width=\"650\" height=\"650\" src=\"https:\/\/www.masserialabrunetta.it\/wp-content\/uploads\/2022\/01\/LaBrunetta_PLaterza_037_WEB-650x650.jpg\" class=\"attachment-qi_addons_for_elementor_image_size_square size-qi_addons_for_elementor_image_size_square\" alt=\"\" srcset=\"https:\/\/www.masserialabrunetta.it\/wp-content\/uploads\/2022\/01\/LaBrunetta_PLaterza_037_WEB-650x650.jpg 650w, https:\/\/www.masserialabrunetta.it\/wp-content\/uploads\/2022\/01\/LaBrunetta_PLaterza_037_WEB-300x300.jpg 300w, https:\/\/www.masserialabrunetta.it\/wp-content\/uploads\/2022\/01\/LaBrunetta_PLaterza_037_WEB-100x100.jpg 100w, https:\/\/www.masserialabrunetta.it\/wp-content\/uploads\/2022\/01\/LaBrunetta_PLaterza_037_WEB-150x150.jpg 150w, https:\/\/www.masserialabrunetta.it\/wp-content\/uploads\/2022\/01\/LaBrunetta_PLaterza_037_WEB-1300x1300.jpg 1300w\" sizes=\"auto, (max-width: 650px) 100vw, 650px\" \/><\/a>\n\t\t\t<\/dt><\/dl><br style=\"clear: both\" \/><dl class='gallery-item'>\n\t\t\t<dt class='gallery-icon landscape'>\n\t\t\t\t<a data-elementor-open-lightbox=\"yes\" data-elementor-lightbox-slideshow=\"ca3c247\" data-elementor-lightbox-title=\"Masseria La Brunetta | Massafra | photo \u00a9 Pierangelo Laterza\" href='https:\/\/www.masserialabrunetta.it\/wp-content\/uploads\/2022\/01\/LaBrunetta_PLaterza_035_WEB.jpg'><img loading=\"lazy\" decoding=\"async\" width=\"650\" height=\"650\" src=\"https:\/\/www.masserialabrunetta.it\/wp-content\/uploads\/2022\/01\/LaBrunetta_PLaterza_035_WEB-650x650.jpg\" class=\"attachment-qi_addons_for_elementor_image_size_square size-qi_addons_for_elementor_image_size_square\" alt=\"\" srcset=\"https:\/\/www.masserialabrunetta.it\/wp-content\/uploads\/2022\/01\/LaBrunetta_PLaterza_035_WEB-650x650.jpg 650w, https:\/\/www.masserialabrunetta.it\/wp-content\/uploads\/2022\/01\/LaBrunetta_PLaterza_035_WEB-300x300.jpg 300w, https:\/\/www.masserialabrunetta.it\/wp-content\/uploads\/2022\/01\/LaBrunetta_PLaterza_035_WEB-100x100.jpg 100w, https:\/\/www.masserialabrunetta.it\/wp-content\/uploads\/2022\/01\/LaBrunetta_PLaterza_035_WEB-150x150.jpg 150w, https:\/\/www.masserialabrunetta.it\/wp-content\/uploads\/2022\/01\/LaBrunetta_PLaterza_035_WEB-1300x1300.jpg 1300w\" sizes=\"auto, (max-width: 650px) 100vw, 650px\" \/><\/a>\n\t\t\t<\/dt><\/dl><dl class='gallery-item'>\n\t\t\t<dt class='gallery-icon landscape'>\n\t\t\t\t<a data-elementor-open-lightbox=\"yes\" data-elementor-lightbox-slideshow=\"ca3c247\" data-elementor-lightbox-title=\"Masseria La Brunetta | Massafra | photo \u00a9 Pierangelo Laterza\" href='https:\/\/www.masserialabrunetta.it\/wp-content\/uploads\/2022\/01\/LaBrunetta_PLaterza_034_WEB.jpg'><img loading=\"lazy\" decoding=\"async\" width=\"650\" height=\"650\" src=\"https:\/\/www.masserialabrunetta.it\/wp-content\/uploads\/2022\/01\/LaBrunetta_PLaterza_034_WEB-650x650.jpg\" class=\"attachment-qi_addons_for_elementor_image_size_square size-qi_addons_for_elementor_image_size_square\" alt=\"\" srcset=\"https:\/\/www.masserialabrunetta.it\/wp-content\/uploads\/2022\/01\/LaBrunetta_PLaterza_034_WEB-650x650.jpg 650w, https:\/\/www.masserialabrunetta.it\/wp-content\/uploads\/2022\/01\/LaBrunetta_PLaterza_034_WEB-300x300.jpg 300w, https:\/\/www.masserialabrunetta.it\/wp-content\/uploads\/2022\/01\/LaBrunetta_PLaterza_034_WEB-100x100.jpg 100w, https:\/\/www.masserialabrunetta.it\/wp-content\/uploads\/2022\/01\/LaBrunetta_PLaterza_034_WEB-150x150.jpg 150w, https:\/\/www.masserialabrunetta.it\/wp-content\/uploads\/2022\/01\/LaBrunetta_PLaterza_034_WEB-1300x1300.jpg 1300w\" sizes=\"auto, (max-width: 650px) 100vw, 650px\" \/><\/a>\n\t\t\t<\/dt><\/dl><dl class='gallery-item'>\n\t\t\t<dt class='gallery-icon landscape'>\n\t\t\t\t<a data-elementor-open-lightbox=\"yes\" data-elementor-lightbox-slideshow=\"ca3c247\" data-elementor-lightbox-title=\"Masseria La Brunetta | Massafra | photo \u00a9 Pierangelo Laterza\" href='https:\/\/www.masserialabrunetta.it\/wp-content\/uploads\/2022\/01\/LaBrunetta_PLaterza_033_WEB.jpg'><img loading=\"lazy\" decoding=\"async\" width=\"650\" height=\"650\" src=\"https:\/\/www.masserialabrunetta.it\/wp-content\/uploads\/2022\/01\/LaBrunetta_PLaterza_033_WEB-650x650.jpg\" class=\"attachment-qi_addons_for_elementor_image_size_square size-qi_addons_for_elementor_image_size_square\" alt=\"\" srcset=\"https:\/\/www.masserialabrunetta.it\/wp-content\/uploads\/2022\/01\/LaBrunetta_PLaterza_033_WEB-650x650.jpg 650w, https:\/\/www.masserialabrunetta.it\/wp-content\/uploads\/2022\/01\/LaBrunetta_PLaterza_033_WEB-300x300.jpg 300w, https:\/\/www.masserialabrunetta.it\/wp-content\/uploads\/2022\/01\/LaBrunetta_PLaterza_033_WEB-100x100.jpg 100w, https:\/\/www.masserialabrunetta.it\/wp-content\/uploads\/2022\/01\/LaBrunetta_PLaterza_033_WEB-150x150.jpg 150w, https:\/\/www.masserialabrunetta.it\/wp-content\/uploads\/2022\/01\/LaBrunetta_PLaterza_033_WEB-1300x1300.jpg 1300w\" sizes=\"auto, (max-width: 650px) 100vw, 650px\" \/><\/a>\n\t\t\t<\/dt><\/dl><dl class='gallery-item'>\n\t\t\t<dt class='gallery-icon portrait'>\n\t\t\t\t<a data-elementor-open-lightbox=\"yes\" data-elementor-lightbox-slideshow=\"ca3c247\" data-elementor-lightbox-title=\"Masseria La Brunetta | Massafra | photo \u00a9 Pierangelo Laterza\" href='https:\/\/www.masserialabrunetta.it\/wp-content\/uploads\/2022\/01\/LaBrunetta_PLaterza_032_WEB.jpg'><img loading=\"lazy\" decoding=\"async\" width=\"650\" height=\"650\" src=\"https:\/\/www.masserialabrunetta.it\/wp-content\/uploads\/2022\/01\/LaBrunetta_PLaterza_032_WEB-650x650.jpg\" class=\"attachment-qi_addons_for_elementor_image_size_square size-qi_addons_for_elementor_image_size_square\" alt=\"\" srcset=\"https:\/\/www.masserialabrunetta.it\/wp-content\/uploads\/2022\/01\/LaBrunetta_PLaterza_032_WEB-650x650.jpg 650w, https:\/\/www.masserialabrunetta.it\/wp-content\/uploads\/2022\/01\/LaBrunetta_PLaterza_032_WEB-300x300.jpg 300w, https:\/\/www.masserialabrunetta.it\/wp-content\/uploads\/2022\/01\/LaBrunetta_PLaterza_032_WEB-100x100.jpg 100w, https:\/\/www.masserialabrunetta.it\/wp-content\/uploads\/2022\/01\/LaBrunetta_PLaterza_032_WEB-150x150.jpg 150w, https:\/\/www.masserialabrunetta.it\/wp-content\/uploads\/2022\/01\/LaBrunetta_PLaterza_032_WEB-1300x1300.jpg 1300w\" sizes=\"auto, (max-width: 650px) 100vw, 650px\" \/><\/a>\n\t\t\t<\/dt><\/dl><br style=\"clear: both\" \/><dl class='gallery-item'>\n\t\t\t<dt class='gallery-icon landscape'>\n\t\t\t\t<a data-elementor-open-lightbox=\"yes\" data-elementor-lightbox-slideshow=\"ca3c247\" data-elementor-lightbox-title=\"Masseria La Brunetta | Massafra | photo \u00a9 Pierangelo Laterza\" href='https:\/\/www.masserialabrunetta.it\/wp-content\/uploads\/2022\/01\/LaBrunetta_PLaterza_030_WEB-1.jpg'><img loading=\"lazy\" decoding=\"async\" width=\"650\" height=\"650\" src=\"https:\/\/www.masserialabrunetta.it\/wp-content\/uploads\/2022\/01\/LaBrunetta_PLaterza_030_WEB-1-650x650.jpg\" class=\"attachment-qi_addons_for_elementor_image_size_square size-qi_addons_for_elementor_image_size_square\" alt=\"\" srcset=\"https:\/\/www.masserialabrunetta.it\/wp-content\/uploads\/2022\/01\/LaBrunetta_PLaterza_030_WEB-1-650x650.jpg 650w, https:\/\/www.masserialabrunetta.it\/wp-content\/uploads\/2022\/01\/LaBrunetta_PLaterza_030_WEB-1-300x300.jpg 300w, https:\/\/www.masserialabrunetta.it\/wp-content\/uploads\/2022\/01\/LaBrunetta_PLaterza_030_WEB-1-100x100.jpg 100w, https:\/\/www.masserialabrunetta.it\/wp-content\/uploads\/2022\/01\/LaBrunetta_PLaterza_030_WEB-1-150x150.jpg 150w, https:\/\/www.masserialabrunetta.it\/wp-content\/uploads\/2022\/01\/LaBrunetta_PLaterza_030_WEB-1-1300x1300.jpg 1300w\" sizes=\"auto, (max-width: 650px) 100vw, 650px\" \/><\/a>\n\t\t\t<\/dt><\/dl><dl class='gallery-item'>\n\t\t\t<dt class='gallery-icon landscape'>\n\t\t\t\t<a data-elementor-open-lightbox=\"yes\" data-elementor-lightbox-slideshow=\"ca3c247\" data-elementor-lightbox-title=\"Masseria La Brunetta | Massafra | photo \u00a9 Pierangelo Laterza\" href='https:\/\/www.masserialabrunetta.it\/wp-content\/uploads\/2022\/01\/LaBrunetta_PLaterza_028_WEB.jpg'><img loading=\"lazy\" decoding=\"async\" width=\"650\" height=\"650\" src=\"https:\/\/www.masserialabrunetta.it\/wp-content\/uploads\/2022\/01\/LaBrunetta_PLaterza_028_WEB-650x650.jpg\" class=\"attachment-qi_addons_for_elementor_image_size_square size-qi_addons_for_elementor_image_size_square\" alt=\"\" srcset=\"https:\/\/www.masserialabrunetta.it\/wp-content\/uploads\/2022\/01\/LaBrunetta_PLaterza_028_WEB-650x650.jpg 650w, https:\/\/www.masserialabrunetta.it\/wp-content\/uploads\/2022\/01\/LaBrunetta_PLaterza_028_WEB-300x300.jpg 300w, https:\/\/www.masserialabrunetta.it\/wp-content\/uploads\/2022\/01\/LaBrunetta_PLaterza_028_WEB-100x100.jpg 100w, https:\/\/www.masserialabrunetta.it\/wp-content\/uploads\/2022\/01\/LaBrunetta_PLaterza_028_WEB-150x150.jpg 150w, https:\/\/www.masserialabrunetta.it\/wp-content\/uploads\/2022\/01\/LaBrunetta_PLaterza_028_WEB-1300x1300.jpg 1300w\" sizes=\"auto, (max-width: 650px) 100vw, 650px\" \/><\/a>\n\t\t\t<\/dt><\/dl><dl class='gallery-item'>\n\t\t\t<dt class='gallery-icon portrait'>\n\t\t\t\t<a data-elementor-open-lightbox=\"yes\" data-elementor-lightbox-slideshow=\"ca3c247\" data-elementor-lightbox-title=\"Masseria La Brunetta | Massafra | photo \u00a9 Pierangelo Laterza\" href='https:\/\/www.masserialabrunetta.it\/wp-content\/uploads\/2022\/01\/LaBrunetta_PLaterza_007_WEB.jpg'><img loading=\"lazy\" decoding=\"async\" width=\"650\" height=\"650\" src=\"https:\/\/www.masserialabrunetta.it\/wp-content\/uploads\/2022\/01\/LaBrunetta_PLaterza_007_WEB-650x650.jpg\" class=\"attachment-qi_addons_for_elementor_image_size_square size-qi_addons_for_elementor_image_size_square\" alt=\"\" srcset=\"https:\/\/www.masserialabrunetta.it\/wp-content\/uploads\/2022\/01\/LaBrunetta_PLaterza_007_WEB-650x650.jpg 650w, https:\/\/www.masserialabrunetta.it\/wp-content\/uploads\/2022\/01\/LaBrunetta_PLaterza_007_WEB-300x300.jpg 300w, https:\/\/www.masserialabrunetta.it\/wp-content\/uploads\/2022\/01\/LaBrunetta_PLaterza_007_WEB-100x100.jpg 100w, https:\/\/www.masserialabrunetta.it\/wp-content\/uploads\/2022\/01\/LaBrunetta_PLaterza_007_WEB-150x150.jpg 150w, https:\/\/www.masserialabrunetta.it\/wp-content\/uploads\/2022\/01\/LaBrunetta_PLaterza_007_WEB-1300x1300.jpg 1300w\" sizes=\"auto, (max-width: 650px) 100vw, 650px\" \/><\/a>\n\t\t\t<\/dt><\/dl><dl class='gallery-item'>\n\t\t\t<dt class='gallery-icon landscape'>\n\t\t\t\t<a data-elementor-open-lightbox=\"yes\" data-elementor-lightbox-slideshow=\"ca3c247\" data-elementor-lightbox-title=\"Masseria La Brunetta | Massafra | photo \u00a9 Pierangelo Laterza\" href='https:\/\/www.masserialabrunetta.it\/wp-content\/uploads\/2022\/01\/LaBrunetta_PLaterza_003_WEB-1.jpg'><img loading=\"lazy\" decoding=\"async\" width=\"650\" height=\"650\" src=\"https:\/\/www.masserialabrunetta.it\/wp-content\/uploads\/2022\/01\/LaBrunetta_PLaterza_003_WEB-1-650x650.jpg\" class=\"attachment-qi_addons_for_elementor_image_size_square size-qi_addons_for_elementor_image_size_square\" alt=\"\" srcset=\"https:\/\/www.masserialabrunetta.it\/wp-content\/uploads\/2022\/01\/LaBrunetta_PLaterza_003_WEB-1-650x650.jpg 650w, https:\/\/www.masserialabrunetta.it\/wp-content\/uploads\/2022\/01\/LaBrunetta_PLaterza_003_WEB-1-300x300.jpg 300w, https:\/\/www.masserialabrunetta.it\/wp-content\/uploads\/2022\/01\/LaBrunetta_PLaterza_003_WEB-1-100x100.jpg 100w, https:\/\/www.masserialabrunetta.it\/wp-content\/uploads\/2022\/01\/LaBrunetta_PLaterza_003_WEB-1-150x150.jpg 150w, https:\/\/www.masserialabrunetta.it\/wp-content\/uploads\/2022\/01\/LaBrunetta_PLaterza_003_WEB-1-1300x1300.jpg 1300w\" sizes=\"auto, (max-width: 650px) 100vw, 650px\" \/><\/a>\n\t\t\t<\/dt><\/dl><br style=\"clear: both\" \/>\n\t\t<\/div>\n\t\t<\/div>\n\t\t\t\t<\/div>\n\t\t\t\t<\/div>\n\t\t\t\t\t<\/div>\n\t\t<\/div>\n\t\t\t\t\t\t\t<\/div>\n\t\t<\/section>\n\t\t\t\t\t\t<\/div>\n\t\t\t\t\t<\/div>\n\t\t","protected":false},"excerpt":{"rendered":"<p>Ein Sprung ins Blaue. Wasser ist ein grundlegendes Element f\u00fcr die Harmonie der Masseria La Brunetta. Unser Schwimmbad wurde entworfen und gebaut, um Ihnen eine Atmosph\u00e4re von Farben und nat\u00fcrlicher Umgebung zur\u00fcckzugeben. Hier k\u00f6nnen Sie wahre Momente der Entspannung genie\u00dfen und sich um das Wohlbefinden von K\u00f6rper und Geist k\u00fcmmern.\u00a0 Ein Fr\u00fchst\u00fcck am Pool, ein [&hellip;]<\/p>\n","protected":false},"author":1,"featured_media":0,"parent":0,"menu_order":0,"comment_status":"closed","ping_status":"closed","template":"page-full-width.php","meta":{"footnotes":""},"class_list":["post-6199","page","type-page","status-publish","hentry"],"_links":{"self":[{"href":"https:\/\/www.masserialabrunetta.it\/de\/wp-json\/wp\/v2\/pages\/6199","targetHints":{"allow":["GET"]}}],"collection":[{"href":"https:\/\/www.masserialabrunetta.it\/de\/wp-json\/wp\/v2\/pages"}],"about":[{"href":"https:\/\/www.masserialabrunetta.it\/de\/wp-json\/wp\/v2\/types\/page"}],"author":[{"embeddable":true,"href":"https:\/\/www.masserialabrunetta.it\/de\/wp-json\/wp\/v2\/users\/1"}],"replies":[{"embeddable":true,"href":"https:\/\/www.masserialabrunetta.it\/de\/wp-json\/wp\/v2\/comments?post=6199"}],"version-history":[{"count":4,"href":"https:\/\/www.masserialabrunetta.it\/de\/wp-json\/wp\/v2\/pages\/6199\/revisions"}],"predecessor-version":[{"id":6203,"href":"https:\/\/www.masserialabrunetta.it\/de\/wp-json\/wp\/v2\/pages\/6199\/revisions\/6203"}],"wp:attachment":[{"href":"https:\/\/www.masserialabrunetta.it\/de\/wp-json\/wp\/v2\/media?parent=6199"}],"curies":[{"name":"wp","href":"https:\/\/api.w.org\/{rel}","templated":true}]}}