{"id":6209,"date":"2022-03-22T18:39:51","date_gmt":"2022-03-22T17:39:51","guid":{"rendered":"https:\/\/masserialabrunetta.it\/?page_id=6209"},"modified":"2022-04-12T20:29:14","modified_gmt":"2022-04-12T18:29:14","slug":"veranstaltungen","status":"publish","type":"page","link":"https:\/\/www.masserialabrunetta.it\/de\/veranstaltungen\/","title":{"rendered":"Veranstaltungen"},"content":{"rendered":"\t\t<div data-elementor-type=\"wp-page\" data-elementor-id=\"6209\" class=\"elementor elementor-6209\" data-elementor-settings=\"[]\">\n\t\t\t\t\t\t\t<div class=\"elementor-section-wrap\">\n\t\t\t\t\t\t\t<section class=\"elementor-section elementor-top-section elementor-element elementor-element-55bc024 elementor-section-full_width qodef-elementor-content-grid elementor-section-height-default elementor-section-height-default\" data-id=\"55bc024\" data-element_type=\"section\">\n\t\t\t\t\t\t<div class=\"elementor-container elementor-column-gap-no\">\n\t\t\t\t\t<div class=\"elementor-column elementor-col-100 elementor-top-column elementor-element elementor-element-5abf0b6\" data-id=\"5abf0b6\" data-element_type=\"column\">\n\t\t\t<div class=\"elementor-widget-wrap elementor-element-populated\">\n\t\t\t\t\t\t\t\t<div class=\"elementor-element elementor-element-1522463 elementor-widget elementor-widget-alloggio_core_section_title\" data-id=\"1522463\" data-element_type=\"widget\" data-widget_type=\"alloggio_core_section_title.default\">\n\t\t\t\t<div class=\"elementor-widget-container\">\n\t\t\t<div class=\"qodef-shortcode qodef-m  qodef-section-title qodef-alignment--center\">\n\t\t<h2 class=\"qodef-m-title\" >\n\t\t\t\t\tIhre Veranstaltungen\t\t\t<\/h2>\n\t\t<span class=\"qodef-m-text\" style=\"margin-top: 25px\">Masseria La Brunetta accoglie i tuoi eventi: meeting, incontri, degustazioni, food experience e shooting fotografici. \n\n<\/span>\n<\/div>\t\t<\/div>\n\t\t\t\t<\/div>\n\t\t\t\t<div class=\"elementor-element elementor-element-4e0dbbe elementor-widget elementor-widget-alloggio_core_section_title\" data-id=\"4e0dbbe\" data-element_type=\"widget\" data-widget_type=\"alloggio_core_section_title.default\">\n\t\t\t\t<div class=\"elementor-widget-container\">\n\t\t\t<div class=\"qodef-shortcode qodef-m  qodef-section-title qodef-alignment--center\">\n\t\t\t<span class=\"qodef-m-text\" style=\"margin-top: 25px\">Neben der reinen Urlaubsdimension k\u00f6nnen Sie in unserer Struktur auch ideale R\u00e4ume genie\u00dfen, um Arbeit und die M\u00f6glichkeit, dies in einer sch\u00f6nen Umgebung zu tun, miteinander zu vereinbaren. \n\n<\/span>\n<\/div>\t\t<\/div>\n\t\t\t\t<\/div>\n\t\t\t\t<div class=\"elementor-element elementor-element-77c5cec elementor-widget elementor-widget-alloggio_core_section_title\" data-id=\"77c5cec\" data-element_type=\"widget\" data-widget_type=\"alloggio_core_section_title.default\">\n\t\t\t\t<div class=\"elementor-widget-container\">\n\t\t\t<div class=\"qodef-shortcode qodef-m  qodef-section-title qodef-alignment--center\">\n\t\t\t<span class=\"qodef-m-text\" style=\"margin-top: 25px\">Wir sind der festen \u00dcberzeugung, dass die Arbeit an einem sch\u00f6nen Ort die M\u00f6glichkeit bietet, die Arbeitserfahrung zu verbessern, neue Verbindungen zu schaffen und alles auf eine ruhigere und umfassendere Weise zu erleben. \n\n \n<\/span>\n<\/div>\t\t<\/div>\n\t\t\t\t<\/div>\n\t\t\t\t\t<\/div>\n\t\t<\/div>\n\t\t\t\t\t\t\t<\/div>\n\t\t<\/section>\n\t\t\t\t<section class=\"elementor-section elementor-top-section elementor-element elementor-element-5fcbd5a elementor-section-full_width qodef-elementor-content-grid elementor-section-height-default elementor-section-height-default\" data-id=\"5fcbd5a\" data-element_type=\"section\">\n\t\t\t\t\t\t<div class=\"elementor-container elementor-column-gap-default\">\n\t\t\t\t\t<div class=\"elementor-column elementor-col-100 elementor-top-column elementor-element elementor-element-be33462\" data-id=\"be33462\" data-element_type=\"column\">\n\t\t\t<div class=\"elementor-widget-wrap elementor-element-populated\">\n\t\t\t\t\t\t\t\t<div class=\"elementor-element elementor-element-3b111ec elementor-widget elementor-widget-image-gallery\" data-id=\"3b111ec\" data-element_type=\"widget\" data-widget_type=\"image-gallery.default\">\n\t\t\t\t<div class=\"elementor-widget-container\">\n\t\t\t\t\t<div class=\"elementor-image-gallery\">\n\t\t\t\n\t\t<style type=\"text\/css\">\n\t\t\t#gallery-1 {\n\t\t\t\tmargin: auto;\n\t\t\t}\n\t\t\t#gallery-1 .gallery-item {\n\t\t\t\tfloat: left;\n\t\t\t\tmargin-top: 10px;\n\t\t\t\ttext-align: center;\n\t\t\t\twidth: 25%;\n\t\t\t}\n\t\t\t#gallery-1 img {\n\t\t\t\tborder: 2px solid #cfcfcf;\n\t\t\t}\n\t\t\t#gallery-1 .gallery-caption {\n\t\t\t\tmargin-left: 0;\n\t\t\t}\n\t\t\t\/* see gallery_shortcode() in wp-includes\/media.php *\/\n\t\t<\/style>\n\t\t<div id='gallery-1' class='gallery galleryid-6209 gallery-columns-4 gallery-size-qi_addons_for_elementor_image_size_square'><dl class='gallery-item'>\n\t\t\t<dt class='gallery-icon landscape'>\n\t\t\t\t<a data-elementor-open-lightbox=\"yes\" data-elementor-lightbox-slideshow=\"3b111ec\" data-elementor-lightbox-title=\"masseria_la_brunetta_1\" href='https:\/\/www.masserialabrunetta.it\/wp-content\/uploads\/2022\/02\/masseria_la_brunetta_1.jpg'><img loading=\"lazy\" decoding=\"async\" width=\"650\" height=\"650\" src=\"https:\/\/www.masserialabrunetta.it\/wp-content\/uploads\/2022\/02\/masseria_la_brunetta_1-650x650.jpg\" class=\"attachment-qi_addons_for_elementor_image_size_square size-qi_addons_for_elementor_image_size_square\" alt=\"\" srcset=\"https:\/\/www.masserialabrunetta.it\/wp-content\/uploads\/2022\/02\/masseria_la_brunetta_1-650x650.jpg 650w, https:\/\/www.masserialabrunetta.it\/wp-content\/uploads\/2022\/02\/masseria_la_brunetta_1-150x150.jpg 150w, https:\/\/www.masserialabrunetta.it\/wp-content\/uploads\/2022\/02\/masseria_la_brunetta_1-300x300.jpg 300w, https:\/\/www.masserialabrunetta.it\/wp-content\/uploads\/2022\/02\/masseria_la_brunetta_1-100x100.jpg 100w\" sizes=\"auto, (max-width: 650px) 100vw, 650px\" \/><\/a>\n\t\t\t<\/dt><\/dl><dl class='gallery-item'>\n\t\t\t<dt class='gallery-icon landscape'>\n\t\t\t\t<a data-elementor-open-lightbox=\"yes\" data-elementor-lightbox-slideshow=\"3b111ec\" data-elementor-lightbox-title=\"masseria_la_brunetta_2\" href='https:\/\/www.masserialabrunetta.it\/wp-content\/uploads\/2022\/02\/masseria_la_brunetta_2.jpg'><img loading=\"lazy\" decoding=\"async\" width=\"650\" height=\"650\" src=\"https:\/\/www.masserialabrunetta.it\/wp-content\/uploads\/2022\/02\/masseria_la_brunetta_2-650x650.jpg\" class=\"attachment-qi_addons_for_elementor_image_size_square size-qi_addons_for_elementor_image_size_square\" alt=\"\" srcset=\"https:\/\/www.masserialabrunetta.it\/wp-content\/uploads\/2022\/02\/masseria_la_brunetta_2-650x650.jpg 650w, https:\/\/www.masserialabrunetta.it\/wp-content\/uploads\/2022\/02\/masseria_la_brunetta_2-150x150.jpg 150w, https:\/\/www.masserialabrunetta.it\/wp-content\/uploads\/2022\/02\/masseria_la_brunetta_2-300x300.jpg 300w, https:\/\/www.masserialabrunetta.it\/wp-content\/uploads\/2022\/02\/masseria_la_brunetta_2-100x100.jpg 100w\" sizes=\"auto, (max-width: 650px) 100vw, 650px\" \/><\/a>\n\t\t\t<\/dt><\/dl><dl class='gallery-item'>\n\t\t\t<dt class='gallery-icon landscape'>\n\t\t\t\t<a data-elementor-open-lightbox=\"yes\" data-elementor-lightbox-slideshow=\"3b111ec\" data-elementor-lightbox-title=\"masseria_la_brunetta_4\" href='https:\/\/www.masserialabrunetta.it\/wp-content\/uploads\/2022\/02\/masseria_la_brunetta_4.jpg'><img loading=\"lazy\" decoding=\"async\" width=\"650\" height=\"650\" src=\"https:\/\/www.masserialabrunetta.it\/wp-content\/uploads\/2022\/02\/masseria_la_brunetta_4-650x650.jpg\" class=\"attachment-qi_addons_for_elementor_image_size_square size-qi_addons_for_elementor_image_size_square\" alt=\"\" srcset=\"https:\/\/www.masserialabrunetta.it\/wp-content\/uploads\/2022\/02\/masseria_la_brunetta_4-650x650.jpg 650w, https:\/\/www.masserialabrunetta.it\/wp-content\/uploads\/2022\/02\/masseria_la_brunetta_4-150x150.jpg 150w, https:\/\/www.masserialabrunetta.it\/wp-content\/uploads\/2022\/02\/masseria_la_brunetta_4-300x300.jpg 300w, https:\/\/www.masserialabrunetta.it\/wp-content\/uploads\/2022\/02\/masseria_la_brunetta_4-100x100.jpg 100w\" sizes=\"auto, (max-width: 650px) 100vw, 650px\" \/><\/a>\n\t\t\t<\/dt><\/dl><dl class='gallery-item'>\n\t\t\t<dt class='gallery-icon landscape'>\n\t\t\t\t<a data-elementor-open-lightbox=\"yes\" data-elementor-lightbox-slideshow=\"3b111ec\" data-elementor-lightbox-title=\"masseria_la_brunetta_5\" href='https:\/\/www.masserialabrunetta.it\/wp-content\/uploads\/2022\/02\/masseria_la_brunetta_5.jpg'><img loading=\"lazy\" decoding=\"async\" width=\"650\" height=\"650\" src=\"https:\/\/www.masserialabrunetta.it\/wp-content\/uploads\/2022\/02\/masseria_la_brunetta_5-650x650.jpg\" class=\"attachment-qi_addons_for_elementor_image_size_square size-qi_addons_for_elementor_image_size_square\" alt=\"\" srcset=\"https:\/\/www.masserialabrunetta.it\/wp-content\/uploads\/2022\/02\/masseria_la_brunetta_5-650x650.jpg 650w, https:\/\/www.masserialabrunetta.it\/wp-content\/uploads\/2022\/02\/masseria_la_brunetta_5-150x150.jpg 150w, https:\/\/www.masserialabrunetta.it\/wp-content\/uploads\/2022\/02\/masseria_la_brunetta_5-300x300.jpg 300w, https:\/\/www.masserialabrunetta.it\/wp-content\/uploads\/2022\/02\/masseria_la_brunetta_5-100x100.jpg 100w\" sizes=\"auto, (max-width: 650px) 100vw, 650px\" \/><\/a>\n\t\t\t<\/dt><\/dl><br style=\"clear: both\" \/><dl class='gallery-item'>\n\t\t\t<dt class='gallery-icon landscape'>\n\t\t\t\t<a data-elementor-open-lightbox=\"yes\" data-elementor-lightbox-slideshow=\"3b111ec\" data-elementor-lightbox-title=\"masseria_la_brunetta_7\" href='https:\/\/www.masserialabrunetta.it\/wp-content\/uploads\/2022\/02\/masseria_la_brunetta_7.jpg'><img loading=\"lazy\" decoding=\"async\" width=\"650\" height=\"650\" src=\"https:\/\/www.masserialabrunetta.it\/wp-content\/uploads\/2022\/02\/masseria_la_brunetta_7-650x650.jpg\" class=\"attachment-qi_addons_for_elementor_image_size_square size-qi_addons_for_elementor_image_size_square\" alt=\"\" srcset=\"https:\/\/www.masserialabrunetta.it\/wp-content\/uploads\/2022\/02\/masseria_la_brunetta_7-650x650.jpg 650w, https:\/\/www.masserialabrunetta.it\/wp-content\/uploads\/2022\/02\/masseria_la_brunetta_7-150x150.jpg 150w, https:\/\/www.masserialabrunetta.it\/wp-content\/uploads\/2022\/02\/masseria_la_brunetta_7-300x300.jpg 300w, https:\/\/www.masserialabrunetta.it\/wp-content\/uploads\/2022\/02\/masseria_la_brunetta_7-100x100.jpg 100w\" sizes=\"auto, (max-width: 650px) 100vw, 650px\" \/><\/a>\n\t\t\t<\/dt><\/dl><dl class='gallery-item'>\n\t\t\t<dt class='gallery-icon landscape'>\n\t\t\t\t<a data-elementor-open-lightbox=\"yes\" data-elementor-lightbox-slideshow=\"3b111ec\" data-elementor-lightbox-title=\"masseria_la_brunetta_8\" href='https:\/\/www.masserialabrunetta.it\/wp-content\/uploads\/2022\/02\/masseria_la_brunetta_8.jpg'><img loading=\"lazy\" decoding=\"async\" width=\"650\" height=\"650\" src=\"https:\/\/www.masserialabrunetta.it\/wp-content\/uploads\/2022\/02\/masseria_la_brunetta_8-650x650.jpg\" class=\"attachment-qi_addons_for_elementor_image_size_square size-qi_addons_for_elementor_image_size_square\" alt=\"\" srcset=\"https:\/\/www.masserialabrunetta.it\/wp-content\/uploads\/2022\/02\/masseria_la_brunetta_8-650x650.jpg 650w, https:\/\/www.masserialabrunetta.it\/wp-content\/uploads\/2022\/02\/masseria_la_brunetta_8-150x150.jpg 150w, https:\/\/www.masserialabrunetta.it\/wp-content\/uploads\/2022\/02\/masseria_la_brunetta_8-300x300.jpg 300w, https:\/\/www.masserialabrunetta.it\/wp-content\/uploads\/2022\/02\/masseria_la_brunetta_8-100x100.jpg 100w\" sizes=\"auto, (max-width: 650px) 100vw, 650px\" \/><\/a>\n\t\t\t<\/dt><\/dl><dl class='gallery-item'>\n\t\t\t<dt class='gallery-icon landscape'>\n\t\t\t\t<a data-elementor-open-lightbox=\"yes\" data-elementor-lightbox-slideshow=\"3b111ec\" data-elementor-lightbox-title=\"masseria_la_brunetta_10\" href='https:\/\/www.masserialabrunetta.it\/wp-content\/uploads\/2022\/02\/masseria_la_brunetta_10.jpg'><img loading=\"lazy\" decoding=\"async\" width=\"650\" height=\"650\" src=\"https:\/\/www.masserialabrunetta.it\/wp-content\/uploads\/2022\/02\/masseria_la_brunetta_10-650x650.jpg\" class=\"attachment-qi_addons_for_elementor_image_size_square size-qi_addons_for_elementor_image_size_square\" alt=\"\" srcset=\"https:\/\/www.masserialabrunetta.it\/wp-content\/uploads\/2022\/02\/masseria_la_brunetta_10-650x650.jpg 650w, https:\/\/www.masserialabrunetta.it\/wp-content\/uploads\/2022\/02\/masseria_la_brunetta_10-150x150.jpg 150w, https:\/\/www.masserialabrunetta.it\/wp-content\/uploads\/2022\/02\/masseria_la_brunetta_10-300x300.jpg 300w, https:\/\/www.masserialabrunetta.it\/wp-content\/uploads\/2022\/02\/masseria_la_brunetta_10-100x100.jpg 100w\" sizes=\"auto, (max-width: 650px) 100vw, 650px\" \/><\/a>\n\t\t\t<\/dt><\/dl><dl class='gallery-item'>\n\t\t\t<dt class='gallery-icon landscape'>\n\t\t\t\t<a data-elementor-open-lightbox=\"yes\" data-elementor-lightbox-slideshow=\"3b111ec\" data-elementor-lightbox-title=\"masseria_la_brunetta_16\" href='https:\/\/www.masserialabrunetta.it\/wp-content\/uploads\/2022\/02\/masseria_la_brunetta_16.jpg'><img loading=\"lazy\" decoding=\"async\" width=\"650\" height=\"650\" src=\"https:\/\/www.masserialabrunetta.it\/wp-content\/uploads\/2022\/02\/masseria_la_brunetta_16-650x650.jpg\" class=\"attachment-qi_addons_for_elementor_image_size_square size-qi_addons_for_elementor_image_size_square\" alt=\"\" srcset=\"https:\/\/www.masserialabrunetta.it\/wp-content\/uploads\/2022\/02\/masseria_la_brunetta_16-650x650.jpg 650w, https:\/\/www.masserialabrunetta.it\/wp-content\/uploads\/2022\/02\/masseria_la_brunetta_16-150x150.jpg 150w, https:\/\/www.masserialabrunetta.it\/wp-content\/uploads\/2022\/02\/masseria_la_brunetta_16-300x300.jpg 300w, https:\/\/www.masserialabrunetta.it\/wp-content\/uploads\/2022\/02\/masseria_la_brunetta_16-100x100.jpg 100w\" sizes=\"auto, (max-width: 650px) 100vw, 650px\" \/><\/a>\n\t\t\t<\/dt><\/dl><br style=\"clear: both\" \/><dl class='gallery-item'>\n\t\t\t<dt class='gallery-icon landscape'>\n\t\t\t\t<a data-elementor-open-lightbox=\"yes\" data-elementor-lightbox-slideshow=\"3b111ec\" data-elementor-lightbox-title=\"masseria_la_brunetta_22\" href='https:\/\/www.masserialabrunetta.it\/wp-content\/uploads\/2022\/02\/masseria_la_brunetta_22.jpg'><img loading=\"lazy\" decoding=\"async\" width=\"650\" height=\"650\" src=\"https:\/\/www.masserialabrunetta.it\/wp-content\/uploads\/2022\/02\/masseria_la_brunetta_22-650x650.jpg\" class=\"attachment-qi_addons_for_elementor_image_size_square size-qi_addons_for_elementor_image_size_square\" alt=\"\" srcset=\"https:\/\/www.masserialabrunetta.it\/wp-content\/uploads\/2022\/02\/masseria_la_brunetta_22-650x650.jpg 650w, https:\/\/www.masserialabrunetta.it\/wp-content\/uploads\/2022\/02\/masseria_la_brunetta_22-150x150.jpg 150w, https:\/\/www.masserialabrunetta.it\/wp-content\/uploads\/2022\/02\/masseria_la_brunetta_22-300x300.jpg 300w, https:\/\/www.masserialabrunetta.it\/wp-content\/uploads\/2022\/02\/masseria_la_brunetta_22-100x100.jpg 100w\" sizes=\"auto, (max-width: 650px) 100vw, 650px\" \/><\/a>\n\t\t\t<\/dt><\/dl><dl class='gallery-item'>\n\t\t\t<dt class='gallery-icon landscape'>\n\t\t\t\t<a data-elementor-open-lightbox=\"yes\" data-elementor-lightbox-slideshow=\"3b111ec\" data-elementor-lightbox-title=\"masseria_la_brunetta_38\" href='https:\/\/www.masserialabrunetta.it\/wp-content\/uploads\/2022\/02\/masseria_la_brunetta_38-1.jpg'><img loading=\"lazy\" decoding=\"async\" width=\"650\" height=\"650\" src=\"https:\/\/www.masserialabrunetta.it\/wp-content\/uploads\/2022\/02\/masseria_la_brunetta_38-1-650x650.jpg\" class=\"attachment-qi_addons_for_elementor_image_size_square size-qi_addons_for_elementor_image_size_square\" alt=\"\" srcset=\"https:\/\/www.masserialabrunetta.it\/wp-content\/uploads\/2022\/02\/masseria_la_brunetta_38-1-650x650.jpg 650w, https:\/\/www.masserialabrunetta.it\/wp-content\/uploads\/2022\/02\/masseria_la_brunetta_38-1-150x150.jpg 150w, https:\/\/www.masserialabrunetta.it\/wp-content\/uploads\/2022\/02\/masseria_la_brunetta_38-1-300x300.jpg 300w, https:\/\/www.masserialabrunetta.it\/wp-content\/uploads\/2022\/02\/masseria_la_brunetta_38-1-100x100.jpg 100w\" sizes=\"auto, (max-width: 650px) 100vw, 650px\" \/><\/a>\n\t\t\t<\/dt><\/dl><dl class='gallery-item'>\n\t\t\t<dt class='gallery-icon portrait'>\n\t\t\t\t<a data-elementor-open-lightbox=\"yes\" data-elementor-lightbox-slideshow=\"3b111ec\" data-elementor-lightbox-title=\"9E234891-C05A-4001-9C9C-AA67B5BF41A6\" href='https:\/\/www.masserialabrunetta.it\/wp-content\/uploads\/2022\/03\/9E234891-C05A-4001-9C9C-AA67B5BF41A6.jpg'><img loading=\"lazy\" decoding=\"async\" width=\"650\" height=\"650\" src=\"https:\/\/www.masserialabrunetta.it\/wp-content\/uploads\/2022\/03\/9E234891-C05A-4001-9C9C-AA67B5BF41A6-650x650.jpg\" class=\"attachment-qi_addons_for_elementor_image_size_square size-qi_addons_for_elementor_image_size_square\" alt=\"\" srcset=\"https:\/\/www.masserialabrunetta.it\/wp-content\/uploads\/2022\/03\/9E234891-C05A-4001-9C9C-AA67B5BF41A6-650x650.jpg 650w, https:\/\/www.masserialabrunetta.it\/wp-content\/uploads\/2022\/03\/9E234891-C05A-4001-9C9C-AA67B5BF41A6-150x150.jpg 150w, https:\/\/www.masserialabrunetta.it\/wp-content\/uploads\/2022\/03\/9E234891-C05A-4001-9C9C-AA67B5BF41A6-1300x1300.jpg 1300w, https:\/\/www.masserialabrunetta.it\/wp-content\/uploads\/2022\/03\/9E234891-C05A-4001-9C9C-AA67B5BF41A6-300x300.jpg 300w, https:\/\/www.masserialabrunetta.it\/wp-content\/uploads\/2022\/03\/9E234891-C05A-4001-9C9C-AA67B5BF41A6-100x100.jpg 100w\" sizes=\"auto, (max-width: 650px) 100vw, 650px\" \/><\/a>\n\t\t\t<\/dt><\/dl>\n\t\t\t<br style='clear: both' \/>\n\t\t<\/div>\n\t\t<\/div>\n\t\t\t\t<\/div>\n\t\t\t\t<\/div>\n\t\t\t\t\t<\/div>\n\t\t<\/div>\n\t\t\t\t\t\t\t<\/div>\n\t\t<\/section>\n\t\t\t\t<section class=\"elementor-section elementor-top-section elementor-element elementor-element-6a49433 elementor-section-full_width qodef-elementor-content-grid elementor-section-height-default elementor-section-height-default\" data-id=\"6a49433\" data-element_type=\"section\" data-settings=\"{&quot;background_background&quot;:&quot;classic&quot;}\">\n\t\t\t\t\t\t\t<div class=\"elementor-background-overlay\"><\/div>\n\t\t\t\t\t\t\t<div class=\"elementor-container elementor-column-gap-no\">\n\t\t\t\t\t<div class=\"elementor-column elementor-col-100 elementor-top-column elementor-element elementor-element-91ca2de\" data-id=\"91ca2de\" data-element_type=\"column\">\n\t\t\t<div class=\"elementor-widget-wrap elementor-element-populated\">\n\t\t\t\t\t\t\t\t<div class=\"elementor-element elementor-element-bf87dd6 elementor-widget elementor-widget-alloggio_core_section_title\" data-id=\"bf87dd6\" data-element_type=\"widget\" data-widget_type=\"alloggio_core_section_title.default\">\n\t\t\t\t<div class=\"elementor-widget-container\">\n\t\t\t<div class=\"qodef-shortcode qodef-m  qodef-section-title qodef-alignment--center\">\n\t\t<h2 class=\"qodef-m-title\" >\n\t\t\t\t\tBuchen Sie Ihre Veranstaltung\t\t\t<\/h2>\n\t\t<span class=\"qodef-m-text\" >F\u00fcllen Sie das folgende Formular aus und Sie werden so schnell wie m\u00f6glich kontaktiert.\n<\/span>\n<\/div>\t\t<\/div>\n\t\t\t\t<\/div>\n\t\t\t\t<div class=\"elementor-element elementor-element-eaecba0 elementor-widget elementor-widget-wp-widget-alloggio_core_contact_form_7\" data-id=\"eaecba0\" data-element_type=\"widget\" data-widget_type=\"wp-widget-alloggio_core_contact_form_7.default\">\n\t\t\t\t<div class=\"elementor-widget-container\">\n\t\t\t\t\t\t<div class=\"qodef-contact-form-7\">\n\t\t\t\t<div role=\"form\" class=\"wpcf7\" id=\"wpcf7-f6332-o1\" lang=\"en-US\" dir=\"ltr\">\n<div class=\"screen-reader-response\"><p role=\"status\" aria-live=\"polite\" aria-atomic=\"true\"><\/p> <ul><\/ul><\/div>\n<form action=\"\/de\/wp-json\/wp\/v2\/pages\/6209#wpcf7-f6332-o1\" method=\"post\" class=\"wpcf7-form init\" novalidate=\"novalidate\" data-status=\"init\">\n<div style=\"display: none;\">\n<input type=\"hidden\" name=\"_wpcf7\" value=\"6332\" \/>\n<input type=\"hidden\" name=\"_wpcf7_version\" value=\"5.5.3\" \/>\n<input type=\"hidden\" name=\"_wpcf7_locale\" value=\"en_US\" \/>\n<input type=\"hidden\" name=\"_wpcf7_unit_tag\" value=\"wpcf7-f6332-o1\" \/>\n<input type=\"hidden\" name=\"_wpcf7_container_post\" value=\"0\" \/>\n<input type=\"hidden\" name=\"_wpcf7_posted_data_hash\" value=\"\" \/>\n<input type=\"hidden\" name=\"_wpcf7_recaptcha_response\" value=\"\" \/>\n<\/div>\n<div class=\"qodef-grid qodef-gutter--small\"><div class=\"qodef-grid-inner\"><div class=\"qodef-grid-item\">\n<label> Vorname*\n    <span class=\"wpcf7-form-control-wrap your-name\"><input type=\"text\" name=\"your-name\" value=\"\" size=\"40\" class=\"wpcf7-form-control wpcf7-text wpcf7-validates-as-required\" aria-required=\"true\" aria-invalid=\"false\" \/><\/span> <\/label>\n<\/div><\/div><\/div>\n<div class=\"qodef-grid qodef-gutter--small\"><div class=\"qodef-grid-inner\"><div class=\"qodef-grid-item\">\n<label> Email*\n    <span class=\"wpcf7-form-control-wrap your-email\"><input type=\"email\" name=\"your-email\" value=\"\" size=\"40\" class=\"wpcf7-form-control wpcf7-text wpcf7-email wpcf7-validates-as-required wpcf7-validates-as-email\" aria-required=\"true\" aria-invalid=\"false\" \/><\/span> <\/label>\n<\/div><\/div><\/div>\n<div class=\"qodef-grid qodef-gutter--small\"><div class=\"qodef-grid-inner\"><div class=\"qodef-grid-item\">\n<label> Telefon*\n    <span class=\"wpcf7-form-control-wrap telefono\"><input type=\"text\" name=\"telefono\" value=\"\" size=\"40\" class=\"wpcf7-form-control wpcf7-text wpcf7-validates-as-required\" aria-required=\"true\" aria-invalid=\"false\" \/><\/span> <\/label>\n<\/div><\/div><\/div>\n<div class=\"qodef-grid qodef-gutter--normal\"><div class=\"qodef-grid-inner\"><div class=\"qodef-grid-item\">\n<label>Infos oder Anfragen*\n    <span class=\"wpcf7-form-control-wrap your-message\"><textarea name=\"your-message\" cols=\"40\" rows=\"6\" class=\"wpcf7-form-control wpcf7-textarea wpcf7-validates-as-required\" aria-required=\"true\" aria-invalid=\"false\"><\/textarea><\/span> <\/label>\n<\/div><\/div><\/div>\n\n<button type=\"submit\" class=\"wpcf7-form-control wpcf7-submit qodef-button qodef-size--normal qodef-type--outlined qodef-m\"><span class=\"qodef-m-text\">Anfrage absenden<\/span><\/button><div class=\"wpcf7-response-output\" aria-hidden=\"true\"><\/div><\/form><\/div>\t\t\t<\/div>\n\t\t\t\t\t<\/div>\n\t\t\t\t<\/div>\n\t\t\t\t\t<\/div>\n\t\t<\/div>\n\t\t\t\t\t\t\t<\/div>\n\t\t<\/section>\n\t\t\t\t<section class=\"elementor-section elementor-top-section elementor-element elementor-element-e05a601 elementor-section-boxed elementor-section-height-default elementor-section-height-default qodef-elementor-content-no\" data-id=\"e05a601\" data-element_type=\"section\" data-settings=\"{&quot;background_background&quot;:&quot;classic&quot;}\">\n\t\t\t\t\t\t\t<div class=\"elementor-background-overlay\"><\/div>\n\t\t\t\t\t\t\t<div class=\"elementor-container elementor-column-gap-no\">\n\t\t\t\t\t<div class=\"elementor-column elementor-col-100 elementor-top-column elementor-element elementor-element-d794c9d\" data-id=\"d794c9d\" data-element_type=\"column\">\n\t\t\t<div class=\"elementor-widget-wrap elementor-element-populated\">\n\t\t\t\t\t\t\t\t<div class=\"elementor-element elementor-element-bdb6211 elementor-widget elementor-widget-alloggio_core_section_title\" data-id=\"bdb6211\" data-element_type=\"widget\" data-widget_type=\"alloggio_core_section_title.default\">\n\t\t\t\t<div class=\"elementor-widget-container\">\n\t\t\t<div class=\"qodef-shortcode qodef-m  qodef-section-title qodef-alignment--center\">\n\t\t<h2 class=\"qodef-m-title\" >\n\t\t\t\t\tOder rufen Sie uns unter <a href=\"tel:+39330221614\" style=\"color:#cbad6b\"> +39 330 221 614 <\/a>\t\t\t<\/h2>\n\t<\/div>\t\t<\/div>\n\t\t\t\t<\/div>\n\t\t\t\t\t<\/div>\n\t\t<\/div>\n\t\t\t\t\t\t\t<\/div>\n\t\t<\/section>\n\t\t\t\t\t\t<\/div>\n\t\t\t\t\t<\/div>\n\t\t","protected":false},"excerpt":{"rendered":"<p>Ihre Veranstaltungen Masseria La Brunetta accoglie i tuoi eventi: meeting, incontri, degustazioni, food experience e shooting fotografici. Neben der reinen Urlaubsdimension k\u00f6nnen Sie in unserer Struktur auch ideale R\u00e4ume genie\u00dfen, um Arbeit und die M\u00f6glichkeit, dies in einer sch\u00f6nen Umgebung zu tun, miteinander zu vereinbaren. Wir sind der festen \u00dcberzeugung, dass die Arbeit an einem [&hellip;]<\/p>\n","protected":false},"author":1,"featured_media":0,"parent":0,"menu_order":0,"comment_status":"closed","ping_status":"closed","template":"page-full-width.php","meta":{"footnotes":""},"class_list":["post-6209","page","type-page","status-publish","hentry"],"_links":{"self":[{"href":"https:\/\/www.masserialabrunetta.it\/de\/wp-json\/wp\/v2\/pages\/6209","targetHints":{"allow":["GET"]}}],"collection":[{"href":"https:\/\/www.masserialabrunetta.it\/de\/wp-json\/wp\/v2\/pages"}],"about":[{"href":"https:\/\/www.masserialabrunetta.it\/de\/wp-json\/wp\/v2\/types\/page"}],"author":[{"embeddable":true,"href":"https:\/\/www.masserialabrunetta.it\/de\/wp-json\/wp\/v2\/users\/1"}],"replies":[{"embeddable":true,"href":"https:\/\/www.masserialabrunetta.it\/de\/wp-json\/wp\/v2\/comments?post=6209"}],"version-history":[{"count":14,"href":"https:\/\/www.masserialabrunetta.it\/de\/wp-json\/wp\/v2\/pages\/6209\/revisions"}],"predecessor-version":[{"id":8304,"href":"https:\/\/www.masserialabrunetta.it\/de\/wp-json\/wp\/v2\/pages\/6209\/revisions\/8304"}],"wp:attachment":[{"href":"https:\/\/www.masserialabrunetta.it\/de\/wp-json\/wp\/v2\/media?parent=6209"}],"curies":[{"name":"wp","href":"https:\/\/api.w.org\/{rel}","templated":true}]}}