{"id":6218,"date":"2022-03-22T18:43:34","date_gmt":"2022-03-22T17:43:34","guid":{"rendered":"https:\/\/masserialabrunetta.it\/?page_id=6218"},"modified":"2022-04-12T20:30:06","modified_gmt":"2022-04-12T18:30:06","slug":"hochzeiten","status":"publish","type":"page","link":"https:\/\/www.masserialabrunetta.it\/de\/hochzeiten\/","title":{"rendered":"Hochzeiten"},"content":{"rendered":"\t\t<div data-elementor-type=\"wp-page\" data-elementor-id=\"6218\" class=\"elementor elementor-6218\" data-elementor-settings=\"[]\">\n\t\t\t\t\t\t\t<div class=\"elementor-section-wrap\">\n\t\t\t\t\t\t\t<section class=\"elementor-section elementor-top-section elementor-element elementor-element-55bc024 elementor-section-full_width qodef-elementor-content-grid elementor-section-height-default elementor-section-height-default\" data-id=\"55bc024\" data-element_type=\"section\">\n\t\t\t\t\t\t<div class=\"elementor-container elementor-column-gap-no\">\n\t\t\t\t\t<div class=\"elementor-column elementor-col-100 elementor-top-column elementor-element elementor-element-5abf0b6\" data-id=\"5abf0b6\" data-element_type=\"column\">\n\t\t\t<div class=\"elementor-widget-wrap elementor-element-populated\">\n\t\t\t\t\t\t\t\t<div class=\"elementor-element elementor-element-1522463 elementor-widget elementor-widget-alloggio_core_section_title\" data-id=\"1522463\" data-element_type=\"widget\" data-widget_type=\"alloggio_core_section_title.default\">\n\t\t\t\t<div class=\"elementor-widget-container\">\n\t\t\t<div class=\"qodef-shortcode qodef-m  qodef-section-title qodef-alignment--center\">\n\t\t<h2 class=\"qodef-m-title\" >\n\t\t\t\t\tEin Traum, der Wirklichkeit wird\t\t\t<\/h2>\n\t\t<span class=\"qodef-m-text\" style=\"margin-top: 25px\">Hochzeiten in Apulien sind Kult, das Ereignis der Ereignisse. In den letzten Jahren hat sich Apulien als bevorzugter Ort zum Feiern und Feiern von Hochzeiten f\u00fcr Prominente und VIPs erwiesen. <\/span>\n<\/div>\t\t<\/div>\n\t\t\t\t<\/div>\n\t\t\t\t<div class=\"elementor-element elementor-element-4e0dbbe elementor-widget elementor-widget-alloggio_core_section_title\" data-id=\"4e0dbbe\" data-element_type=\"widget\" data-widget_type=\"alloggio_core_section_title.default\">\n\t\t\t\t<div class=\"elementor-widget-container\">\n\t\t\t<div class=\"qodef-shortcode qodef-m  qodef-section-title qodef-alignment--center\">\n\t\t\t<span class=\"qodef-m-text\" style=\"margin-top: 25px\">Der Grund f\u00fcr diese Wahl liegt in der Tatsache, dass die einladenden apulischen Landschaften und Atmosph\u00e4ren, die zwischen der Sch\u00f6nheit der Natur und der Authentizit\u00e4t der Geb\u00e4ude kreuzen, die perfekten Orte sind, um den sch\u00f6nsten Tag Ihres Lebens zu feiern. <\/span>\n<\/div>\t\t<\/div>\n\t\t\t\t<\/div>\n\t\t\t\t<div class=\"elementor-element elementor-element-77c5cec elementor-widget elementor-widget-alloggio_core_section_title\" data-id=\"77c5cec\" data-element_type=\"widget\" data-widget_type=\"alloggio_core_section_title.default\">\n\t\t\t\t<div class=\"elementor-widget-container\">\n\t\t\t<div class=\"qodef-shortcode qodef-m  qodef-section-title qodef-alignment--center\">\n\t\t\t<span class=\"qodef-m-text\" style=\"margin-top: 25px\">Masseria La Brunetta ist der ideale Ort f\u00fcr eine Hochzeit, da es sich perfekt in diese Stimmung einf\u00fcgt. \nEin Traum wird wahr, ein Zauber, der greifbar wird.\n \n<\/span>\n<\/div>\t\t<\/div>\n\t\t\t\t<\/div>\n\t\t\t\t\t<\/div>\n\t\t<\/div>\n\t\t\t\t\t\t\t<\/div>\n\t\t<\/section>\n\t\t\t\t<section class=\"elementor-section elementor-top-section elementor-element elementor-element-ed819ad elementor-section-full_width qodef-elementor-content-grid elementor-section-height-default elementor-section-height-default\" data-id=\"ed819ad\" data-element_type=\"section\">\n\t\t\t\t\t\t<div class=\"elementor-container elementor-column-gap-default\">\n\t\t\t\t\t<div class=\"elementor-column elementor-col-100 elementor-top-column elementor-element elementor-element-df52d4e\" data-id=\"df52d4e\" data-element_type=\"column\">\n\t\t\t<div class=\"elementor-widget-wrap elementor-element-populated\">\n\t\t\t\t\t\t\t\t<div class=\"elementor-element elementor-element-855db15 elementor-widget elementor-widget-image-gallery\" data-id=\"855db15\" data-element_type=\"widget\" data-widget_type=\"image-gallery.default\">\n\t\t\t\t<div class=\"elementor-widget-container\">\n\t\t\t\t\t<div class=\"elementor-image-gallery\">\n\t\t\t\n\t\t<style type=\"text\/css\">\n\t\t\t#gallery-1 {\n\t\t\t\tmargin: auto;\n\t\t\t}\n\t\t\t#gallery-1 .gallery-item {\n\t\t\t\tfloat: left;\n\t\t\t\tmargin-top: 10px;\n\t\t\t\ttext-align: center;\n\t\t\t\twidth: 25%;\n\t\t\t}\n\t\t\t#gallery-1 img {\n\t\t\t\tborder: 2px solid #cfcfcf;\n\t\t\t}\n\t\t\t#gallery-1 .gallery-caption {\n\t\t\t\tmargin-left: 0;\n\t\t\t}\n\t\t\t\/* see gallery_shortcode() in wp-includes\/media.php *\/\n\t\t<\/style>\n\t\t<div id='gallery-1' class='gallery galleryid-6218 gallery-columns-4 gallery-size-qi_addons_for_elementor_image_size_square'><dl class='gallery-item'>\n\t\t\t<dt class='gallery-icon landscape'>\n\t\t\t\t<a data-elementor-open-lightbox=\"yes\" data-elementor-lightbox-slideshow=\"855db15\" data-elementor-lightbox-title=\"masseria_la_brunetta_3\" href='https:\/\/www.masserialabrunetta.it\/wp-content\/uploads\/2022\/02\/masseria_la_brunetta_3.jpg'><img loading=\"lazy\" decoding=\"async\" width=\"650\" height=\"650\" src=\"https:\/\/www.masserialabrunetta.it\/wp-content\/uploads\/2022\/02\/masseria_la_brunetta_3-650x650.jpg\" class=\"attachment-qi_addons_for_elementor_image_size_square size-qi_addons_for_elementor_image_size_square\" alt=\"\" srcset=\"https:\/\/www.masserialabrunetta.it\/wp-content\/uploads\/2022\/02\/masseria_la_brunetta_3-650x650.jpg 650w, https:\/\/www.masserialabrunetta.it\/wp-content\/uploads\/2022\/02\/masseria_la_brunetta_3-150x150.jpg 150w, https:\/\/www.masserialabrunetta.it\/wp-content\/uploads\/2022\/02\/masseria_la_brunetta_3-300x300.jpg 300w, https:\/\/www.masserialabrunetta.it\/wp-content\/uploads\/2022\/02\/masseria_la_brunetta_3-100x100.jpg 100w\" sizes=\"auto, (max-width: 650px) 100vw, 650px\" \/><\/a>\n\t\t\t<\/dt><\/dl><dl class='gallery-item'>\n\t\t\t<dt class='gallery-icon landscape'>\n\t\t\t\t<a data-elementor-open-lightbox=\"yes\" data-elementor-lightbox-slideshow=\"855db15\" data-elementor-lightbox-title=\"masseria_la_brunetta_6\" href='https:\/\/www.masserialabrunetta.it\/wp-content\/uploads\/2022\/02\/masseria_la_brunetta_6.jpg'><img loading=\"lazy\" decoding=\"async\" width=\"650\" height=\"650\" src=\"https:\/\/www.masserialabrunetta.it\/wp-content\/uploads\/2022\/02\/masseria_la_brunetta_6-650x650.jpg\" class=\"attachment-qi_addons_for_elementor_image_size_square size-qi_addons_for_elementor_image_size_square\" alt=\"\" srcset=\"https:\/\/www.masserialabrunetta.it\/wp-content\/uploads\/2022\/02\/masseria_la_brunetta_6-650x650.jpg 650w, https:\/\/www.masserialabrunetta.it\/wp-content\/uploads\/2022\/02\/masseria_la_brunetta_6-150x150.jpg 150w, https:\/\/www.masserialabrunetta.it\/wp-content\/uploads\/2022\/02\/masseria_la_brunetta_6-300x300.jpg 300w, https:\/\/www.masserialabrunetta.it\/wp-content\/uploads\/2022\/02\/masseria_la_brunetta_6-100x100.jpg 100w\" sizes=\"auto, (max-width: 650px) 100vw, 650px\" \/><\/a>\n\t\t\t<\/dt><\/dl><dl class='gallery-item'>\n\t\t\t<dt class='gallery-icon landscape'>\n\t\t\t\t<a data-elementor-open-lightbox=\"yes\" data-elementor-lightbox-slideshow=\"855db15\" data-elementor-lightbox-title=\"masseria_la_brunetta_9\" href='https:\/\/www.masserialabrunetta.it\/wp-content\/uploads\/2022\/02\/masseria_la_brunetta_9.jpg'><img loading=\"lazy\" decoding=\"async\" width=\"650\" height=\"650\" src=\"https:\/\/www.masserialabrunetta.it\/wp-content\/uploads\/2022\/02\/masseria_la_brunetta_9-650x650.jpg\" class=\"attachment-qi_addons_for_elementor_image_size_square size-qi_addons_for_elementor_image_size_square\" alt=\"\" srcset=\"https:\/\/www.masserialabrunetta.it\/wp-content\/uploads\/2022\/02\/masseria_la_brunetta_9-650x650.jpg 650w, https:\/\/www.masserialabrunetta.it\/wp-content\/uploads\/2022\/02\/masseria_la_brunetta_9-150x150.jpg 150w, https:\/\/www.masserialabrunetta.it\/wp-content\/uploads\/2022\/02\/masseria_la_brunetta_9-300x300.jpg 300w, https:\/\/www.masserialabrunetta.it\/wp-content\/uploads\/2022\/02\/masseria_la_brunetta_9-100x100.jpg 100w\" sizes=\"auto, (max-width: 650px) 100vw, 650px\" \/><\/a>\n\t\t\t<\/dt><\/dl><dl class='gallery-item'>\n\t\t\t<dt class='gallery-icon landscape'>\n\t\t\t\t<a data-elementor-open-lightbox=\"yes\" data-elementor-lightbox-slideshow=\"855db15\" data-elementor-lightbox-title=\"masseria_la_brunetta_11\" href='https:\/\/www.masserialabrunetta.it\/wp-content\/uploads\/2022\/02\/masseria_la_brunetta_11.jpg'><img loading=\"lazy\" decoding=\"async\" width=\"650\" height=\"650\" src=\"https:\/\/www.masserialabrunetta.it\/wp-content\/uploads\/2022\/02\/masseria_la_brunetta_11-650x650.jpg\" class=\"attachment-qi_addons_for_elementor_image_size_square size-qi_addons_for_elementor_image_size_square\" alt=\"\" srcset=\"https:\/\/www.masserialabrunetta.it\/wp-content\/uploads\/2022\/02\/masseria_la_brunetta_11-650x650.jpg 650w, https:\/\/www.masserialabrunetta.it\/wp-content\/uploads\/2022\/02\/masseria_la_brunetta_11-150x150.jpg 150w, https:\/\/www.masserialabrunetta.it\/wp-content\/uploads\/2022\/02\/masseria_la_brunetta_11-300x300.jpg 300w, https:\/\/www.masserialabrunetta.it\/wp-content\/uploads\/2022\/02\/masseria_la_brunetta_11-100x100.jpg 100w\" sizes=\"auto, (max-width: 650px) 100vw, 650px\" \/><\/a>\n\t\t\t<\/dt><\/dl><br style=\"clear: both\" \/><dl class='gallery-item'>\n\t\t\t<dt class='gallery-icon landscape'>\n\t\t\t\t<a data-elementor-open-lightbox=\"yes\" data-elementor-lightbox-slideshow=\"855db15\" data-elementor-lightbox-title=\"masseria_la_brunetta_13\" href='https:\/\/www.masserialabrunetta.it\/wp-content\/uploads\/2022\/02\/masseria_la_brunetta_13.jpg'><img loading=\"lazy\" decoding=\"async\" width=\"650\" height=\"650\" src=\"https:\/\/www.masserialabrunetta.it\/wp-content\/uploads\/2022\/02\/masseria_la_brunetta_13-650x650.jpg\" class=\"attachment-qi_addons_for_elementor_image_size_square size-qi_addons_for_elementor_image_size_square\" alt=\"\" srcset=\"https:\/\/www.masserialabrunetta.it\/wp-content\/uploads\/2022\/02\/masseria_la_brunetta_13-650x650.jpg 650w, https:\/\/www.masserialabrunetta.it\/wp-content\/uploads\/2022\/02\/masseria_la_brunetta_13-150x150.jpg 150w, https:\/\/www.masserialabrunetta.it\/wp-content\/uploads\/2022\/02\/masseria_la_brunetta_13-300x300.jpg 300w, https:\/\/www.masserialabrunetta.it\/wp-content\/uploads\/2022\/02\/masseria_la_brunetta_13-100x100.jpg 100w\" sizes=\"auto, (max-width: 650px) 100vw, 650px\" \/><\/a>\n\t\t\t<\/dt><\/dl><dl class='gallery-item'>\n\t\t\t<dt class='gallery-icon landscape'>\n\t\t\t\t<a data-elementor-open-lightbox=\"yes\" data-elementor-lightbox-slideshow=\"855db15\" data-elementor-lightbox-title=\"masseria_la_brunetta_14\" href='https:\/\/www.masserialabrunetta.it\/wp-content\/uploads\/2022\/02\/masseria_la_brunetta_14.jpg'><img loading=\"lazy\" decoding=\"async\" width=\"650\" height=\"650\" src=\"https:\/\/www.masserialabrunetta.it\/wp-content\/uploads\/2022\/02\/masseria_la_brunetta_14-650x650.jpg\" class=\"attachment-qi_addons_for_elementor_image_size_square size-qi_addons_for_elementor_image_size_square\" alt=\"\" srcset=\"https:\/\/www.masserialabrunetta.it\/wp-content\/uploads\/2022\/02\/masseria_la_brunetta_14-650x650.jpg 650w, https:\/\/www.masserialabrunetta.it\/wp-content\/uploads\/2022\/02\/masseria_la_brunetta_14-150x150.jpg 150w, https:\/\/www.masserialabrunetta.it\/wp-content\/uploads\/2022\/02\/masseria_la_brunetta_14-300x300.jpg 300w, https:\/\/www.masserialabrunetta.it\/wp-content\/uploads\/2022\/02\/masseria_la_brunetta_14-100x100.jpg 100w\" sizes=\"auto, (max-width: 650px) 100vw, 650px\" \/><\/a>\n\t\t\t<\/dt><\/dl><dl class='gallery-item'>\n\t\t\t<dt class='gallery-icon landscape'>\n\t\t\t\t<a data-elementor-open-lightbox=\"yes\" data-elementor-lightbox-slideshow=\"855db15\" data-elementor-lightbox-title=\"masseria_la_brunetta_20\" href='https:\/\/www.masserialabrunetta.it\/wp-content\/uploads\/2022\/02\/masseria_la_brunetta_20.jpg'><img loading=\"lazy\" decoding=\"async\" width=\"650\" height=\"650\" src=\"https:\/\/www.masserialabrunetta.it\/wp-content\/uploads\/2022\/02\/masseria_la_brunetta_20-650x650.jpg\" class=\"attachment-qi_addons_for_elementor_image_size_square size-qi_addons_for_elementor_image_size_square\" alt=\"\" srcset=\"https:\/\/www.masserialabrunetta.it\/wp-content\/uploads\/2022\/02\/masseria_la_brunetta_20-650x650.jpg 650w, https:\/\/www.masserialabrunetta.it\/wp-content\/uploads\/2022\/02\/masseria_la_brunetta_20-150x150.jpg 150w, https:\/\/www.masserialabrunetta.it\/wp-content\/uploads\/2022\/02\/masseria_la_brunetta_20-300x300.jpg 300w, https:\/\/www.masserialabrunetta.it\/wp-content\/uploads\/2022\/02\/masseria_la_brunetta_20-100x100.jpg 100w\" sizes=\"auto, (max-width: 650px) 100vw, 650px\" \/><\/a>\n\t\t\t<\/dt><\/dl><dl class='gallery-item'>\n\t\t\t<dt class='gallery-icon landscape'>\n\t\t\t\t<a data-elementor-open-lightbox=\"yes\" data-elementor-lightbox-slideshow=\"855db15\" data-elementor-lightbox-title=\"masseria_la_brunetta_21\" href='https:\/\/www.masserialabrunetta.it\/wp-content\/uploads\/2022\/02\/masseria_la_brunetta_21-1.jpg'><img loading=\"lazy\" decoding=\"async\" width=\"650\" height=\"650\" src=\"https:\/\/www.masserialabrunetta.it\/wp-content\/uploads\/2022\/02\/masseria_la_brunetta_21-1-650x650.jpg\" class=\"attachment-qi_addons_for_elementor_image_size_square size-qi_addons_for_elementor_image_size_square\" alt=\"\" srcset=\"https:\/\/www.masserialabrunetta.it\/wp-content\/uploads\/2022\/02\/masseria_la_brunetta_21-1-650x650.jpg 650w, https:\/\/www.masserialabrunetta.it\/wp-content\/uploads\/2022\/02\/masseria_la_brunetta_21-1-150x150.jpg 150w, https:\/\/www.masserialabrunetta.it\/wp-content\/uploads\/2022\/02\/masseria_la_brunetta_21-1-300x300.jpg 300w, https:\/\/www.masserialabrunetta.it\/wp-content\/uploads\/2022\/02\/masseria_la_brunetta_21-1-100x100.jpg 100w\" sizes=\"auto, (max-width: 650px) 100vw, 650px\" \/><\/a>\n\t\t\t<\/dt><\/dl><br style=\"clear: both\" \/><dl class='gallery-item'>\n\t\t\t<dt class='gallery-icon landscape'>\n\t\t\t\t<a data-elementor-open-lightbox=\"yes\" data-elementor-lightbox-slideshow=\"855db15\" data-elementor-lightbox-title=\"masseria_la_brunetta_26\" href='https:\/\/www.masserialabrunetta.it\/wp-content\/uploads\/2022\/02\/masseria_la_brunetta_26.jpg'><img loading=\"lazy\" decoding=\"async\" width=\"650\" height=\"650\" src=\"https:\/\/www.masserialabrunetta.it\/wp-content\/uploads\/2022\/02\/masseria_la_brunetta_26-650x650.jpg\" class=\"attachment-qi_addons_for_elementor_image_size_square size-qi_addons_for_elementor_image_size_square\" alt=\"\" srcset=\"https:\/\/www.masserialabrunetta.it\/wp-content\/uploads\/2022\/02\/masseria_la_brunetta_26-650x650.jpg 650w, https:\/\/www.masserialabrunetta.it\/wp-content\/uploads\/2022\/02\/masseria_la_brunetta_26-150x150.jpg 150w, https:\/\/www.masserialabrunetta.it\/wp-content\/uploads\/2022\/02\/masseria_la_brunetta_26-300x300.jpg 300w, https:\/\/www.masserialabrunetta.it\/wp-content\/uploads\/2022\/02\/masseria_la_brunetta_26-100x100.jpg 100w\" sizes=\"auto, (max-width: 650px) 100vw, 650px\" \/><\/a>\n\t\t\t<\/dt><\/dl><dl class='gallery-item'>\n\t\t\t<dt class='gallery-icon landscape'>\n\t\t\t\t<a data-elementor-open-lightbox=\"yes\" data-elementor-lightbox-slideshow=\"855db15\" data-elementor-lightbox-title=\"masseria_la_brunetta_27\" href='https:\/\/www.masserialabrunetta.it\/wp-content\/uploads\/2022\/02\/masseria_la_brunetta_27.jpg'><img loading=\"lazy\" decoding=\"async\" width=\"650\" height=\"650\" src=\"https:\/\/www.masserialabrunetta.it\/wp-content\/uploads\/2022\/02\/masseria_la_brunetta_27-650x650.jpg\" class=\"attachment-qi_addons_for_elementor_image_size_square size-qi_addons_for_elementor_image_size_square\" alt=\"\" srcset=\"https:\/\/www.masserialabrunetta.it\/wp-content\/uploads\/2022\/02\/masseria_la_brunetta_27-650x650.jpg 650w, https:\/\/www.masserialabrunetta.it\/wp-content\/uploads\/2022\/02\/masseria_la_brunetta_27-150x150.jpg 150w, https:\/\/www.masserialabrunetta.it\/wp-content\/uploads\/2022\/02\/masseria_la_brunetta_27-300x300.jpg 300w, https:\/\/www.masserialabrunetta.it\/wp-content\/uploads\/2022\/02\/masseria_la_brunetta_27-100x100.jpg 100w\" sizes=\"auto, (max-width: 650px) 100vw, 650px\" \/><\/a>\n\t\t\t<\/dt><\/dl><dl class='gallery-item'>\n\t\t\t<dt class='gallery-icon landscape'>\n\t\t\t\t<a data-elementor-open-lightbox=\"yes\" data-elementor-lightbox-slideshow=\"855db15\" data-elementor-lightbox-title=\"masseria_la_brunetta_29\" href='https:\/\/www.masserialabrunetta.it\/wp-content\/uploads\/2022\/02\/masseria_la_brunetta_29-1.jpg'><img loading=\"lazy\" decoding=\"async\" width=\"650\" height=\"650\" src=\"https:\/\/www.masserialabrunetta.it\/wp-content\/uploads\/2022\/02\/masseria_la_brunetta_29-1-650x650.jpg\" class=\"attachment-qi_addons_for_elementor_image_size_square size-qi_addons_for_elementor_image_size_square\" alt=\"\" srcset=\"https:\/\/www.masserialabrunetta.it\/wp-content\/uploads\/2022\/02\/masseria_la_brunetta_29-1-650x650.jpg 650w, https:\/\/www.masserialabrunetta.it\/wp-content\/uploads\/2022\/02\/masseria_la_brunetta_29-1-150x150.jpg 150w, https:\/\/www.masserialabrunetta.it\/wp-content\/uploads\/2022\/02\/masseria_la_brunetta_29-1-300x300.jpg 300w, https:\/\/www.masserialabrunetta.it\/wp-content\/uploads\/2022\/02\/masseria_la_brunetta_29-1-100x100.jpg 100w\" sizes=\"auto, (max-width: 650px) 100vw, 650px\" \/><\/a>\n\t\t\t<\/dt><\/dl><dl class='gallery-item'>\n\t\t\t<dt class='gallery-icon landscape'>\n\t\t\t\t<a data-elementor-open-lightbox=\"yes\" data-elementor-lightbox-slideshow=\"855db15\" data-elementor-lightbox-title=\"masseria_la_brunetta_37\" href='https:\/\/www.masserialabrunetta.it\/wp-content\/uploads\/2022\/02\/masseria_la_brunetta_37.jpg'><img loading=\"lazy\" decoding=\"async\" width=\"650\" height=\"650\" src=\"https:\/\/www.masserialabrunetta.it\/wp-content\/uploads\/2022\/02\/masseria_la_brunetta_37-650x650.jpg\" class=\"attachment-qi_addons_for_elementor_image_size_square size-qi_addons_for_elementor_image_size_square\" alt=\"\" srcset=\"https:\/\/www.masserialabrunetta.it\/wp-content\/uploads\/2022\/02\/masseria_la_brunetta_37-650x650.jpg 650w, https:\/\/www.masserialabrunetta.it\/wp-content\/uploads\/2022\/02\/masseria_la_brunetta_37-150x150.jpg 150w, https:\/\/www.masserialabrunetta.it\/wp-content\/uploads\/2022\/02\/masseria_la_brunetta_37-300x300.jpg 300w, https:\/\/www.masserialabrunetta.it\/wp-content\/uploads\/2022\/02\/masseria_la_brunetta_37-100x100.jpg 100w\" sizes=\"auto, (max-width: 650px) 100vw, 650px\" \/><\/a>\n\t\t\t<\/dt><\/dl><br style=\"clear: both\" \/>\n\t\t<\/div>\n\t\t<\/div>\n\t\t\t\t<\/div>\n\t\t\t\t<\/div>\n\t\t\t\t\t<\/div>\n\t\t<\/div>\n\t\t\t\t\t\t\t<\/div>\n\t\t<\/section>\n\t\t\t\t<section class=\"elementor-section elementor-top-section elementor-element elementor-element-fa9c859 elementor-section-full_width qodef-elementor-content-grid elementor-section-height-default elementor-section-height-default\" data-id=\"fa9c859\" data-element_type=\"section\" data-settings=\"{&quot;background_background&quot;:&quot;classic&quot;}\">\n\t\t\t\t\t\t\t<div class=\"elementor-background-overlay\"><\/div>\n\t\t\t\t\t\t\t<div class=\"elementor-container elementor-column-gap-no\">\n\t\t\t\t\t<div class=\"elementor-column elementor-col-100 elementor-top-column elementor-element elementor-element-55780a75\" data-id=\"55780a75\" data-element_type=\"column\">\n\t\t\t<div class=\"elementor-widget-wrap elementor-element-populated\">\n\t\t\t\t\t\t\t\t<div class=\"elementor-element elementor-element-5bb33cca elementor-widget elementor-widget-alloggio_core_section_title\" data-id=\"5bb33cca\" data-element_type=\"widget\" data-widget_type=\"alloggio_core_section_title.default\">\n\t\t\t\t<div class=\"elementor-widget-container\">\n\t\t\t<div class=\"qodef-shortcode qodef-m  qodef-section-title qodef-alignment--center\">\n\t\t<h2 class=\"qodef-m-title\" >\n\t\t\t\t\tBuchen Sie Ihre Hochzeit\t\t\t<\/h2>\n\t\t<span class=\"qodef-m-text\" >F\u00fcllen Sie das folgende Formular aus und Sie werden so schnell wie m\u00f6glich kontaktiert.\n<\/span>\n<\/div>\t\t<\/div>\n\t\t\t\t<\/div>\n\t\t\t\t<div class=\"elementor-element elementor-element-4ef69453 elementor-widget elementor-widget-wp-widget-alloggio_core_contact_form_7\" data-id=\"4ef69453\" data-element_type=\"widget\" data-widget_type=\"wp-widget-alloggio_core_contact_form_7.default\">\n\t\t\t\t<div class=\"elementor-widget-container\">\n\t\t\t\t\t\t<div class=\"qodef-contact-form-7\">\n\t\t\t\t<div role=\"form\" class=\"wpcf7\" id=\"wpcf7-f6332-o1\" lang=\"en-US\" dir=\"ltr\">\n<div class=\"screen-reader-response\"><p role=\"status\" aria-live=\"polite\" aria-atomic=\"true\"><\/p> <ul><\/ul><\/div>\n<form action=\"\/de\/wp-json\/wp\/v2\/pages\/6218#wpcf7-f6332-o1\" method=\"post\" class=\"wpcf7-form init\" novalidate=\"novalidate\" data-status=\"init\">\n<div style=\"display: none;\">\n<input type=\"hidden\" name=\"_wpcf7\" value=\"6332\" \/>\n<input type=\"hidden\" name=\"_wpcf7_version\" value=\"5.5.3\" \/>\n<input type=\"hidden\" name=\"_wpcf7_locale\" value=\"en_US\" \/>\n<input type=\"hidden\" name=\"_wpcf7_unit_tag\" value=\"wpcf7-f6332-o1\" \/>\n<input type=\"hidden\" name=\"_wpcf7_container_post\" value=\"0\" \/>\n<input type=\"hidden\" name=\"_wpcf7_posted_data_hash\" value=\"\" \/>\n<input type=\"hidden\" name=\"_wpcf7_recaptcha_response\" value=\"\" \/>\n<\/div>\n<div class=\"qodef-grid qodef-gutter--small\"><div class=\"qodef-grid-inner\"><div class=\"qodef-grid-item\">\n<label> Vorname*\n    <span class=\"wpcf7-form-control-wrap your-name\"><input type=\"text\" name=\"your-name\" value=\"\" size=\"40\" class=\"wpcf7-form-control wpcf7-text wpcf7-validates-as-required\" aria-required=\"true\" aria-invalid=\"false\" \/><\/span> <\/label>\n<\/div><\/div><\/div>\n<div class=\"qodef-grid qodef-gutter--small\"><div class=\"qodef-grid-inner\"><div class=\"qodef-grid-item\">\n<label> Email*\n    <span class=\"wpcf7-form-control-wrap your-email\"><input type=\"email\" name=\"your-email\" value=\"\" size=\"40\" class=\"wpcf7-form-control wpcf7-text wpcf7-email wpcf7-validates-as-required wpcf7-validates-as-email\" aria-required=\"true\" aria-invalid=\"false\" \/><\/span> <\/label>\n<\/div><\/div><\/div>\n<div class=\"qodef-grid qodef-gutter--small\"><div class=\"qodef-grid-inner\"><div class=\"qodef-grid-item\">\n<label> Telefon*\n    <span class=\"wpcf7-form-control-wrap telefono\"><input type=\"text\" name=\"telefono\" value=\"\" size=\"40\" class=\"wpcf7-form-control wpcf7-text wpcf7-validates-as-required\" aria-required=\"true\" aria-invalid=\"false\" \/><\/span> <\/label>\n<\/div><\/div><\/div>\n<div class=\"qodef-grid qodef-gutter--normal\"><div class=\"qodef-grid-inner\"><div class=\"qodef-grid-item\">\n<label>Infos oder Anfragen*\n    <span class=\"wpcf7-form-control-wrap your-message\"><textarea name=\"your-message\" cols=\"40\" rows=\"6\" class=\"wpcf7-form-control wpcf7-textarea wpcf7-validates-as-required\" aria-required=\"true\" aria-invalid=\"false\"><\/textarea><\/span> <\/label>\n<\/div><\/div><\/div>\n\n<button type=\"submit\" class=\"wpcf7-form-control wpcf7-submit qodef-button qodef-size--normal qodef-type--outlined qodef-m\"><span class=\"qodef-m-text\">Anfrage absenden<\/span><\/button><div class=\"wpcf7-response-output\" aria-hidden=\"true\"><\/div><\/form><\/div>\t\t\t<\/div>\n\t\t\t\t\t<\/div>\n\t\t\t\t<\/div>\n\t\t\t\t\t<\/div>\n\t\t<\/div>\n\t\t\t\t\t\t\t<\/div>\n\t\t<\/section>\n\t\t\t\t<section class=\"elementor-section elementor-top-section elementor-element elementor-element-c8baca8 elementor-section-boxed elementor-section-height-default elementor-section-height-default qodef-elementor-content-no\" data-id=\"c8baca8\" data-element_type=\"section\" data-settings=\"{&quot;background_background&quot;:&quot;classic&quot;}\">\n\t\t\t\t\t\t\t<div class=\"elementor-background-overlay\"><\/div>\n\t\t\t\t\t\t\t<div class=\"elementor-container elementor-column-gap-no\">\n\t\t\t\t\t<div class=\"elementor-column elementor-col-100 elementor-top-column elementor-element elementor-element-317834b\" data-id=\"317834b\" data-element_type=\"column\">\n\t\t\t<div class=\"elementor-widget-wrap elementor-element-populated\">\n\t\t\t\t\t\t\t\t<div class=\"elementor-element elementor-element-5a6ae94 elementor-widget elementor-widget-alloggio_core_section_title\" data-id=\"5a6ae94\" data-element_type=\"widget\" data-widget_type=\"alloggio_core_section_title.default\">\n\t\t\t\t<div class=\"elementor-widget-container\">\n\t\t\t<div class=\"qodef-shortcode qodef-m  qodef-section-title qodef-alignment--center\">\n\t\t<h2 class=\"qodef-m-title\" >\n\t\t\t\t\tOder rufen Sie uns unter <a href=\"tel:+39330221614\" style=\"color:#cbad6b\"> +39 330 221 614 <\/a>\t\t\t<\/h2>\n\t<\/div>\t\t<\/div>\n\t\t\t\t<\/div>\n\t\t\t\t\t<\/div>\n\t\t<\/div>\n\t\t\t\t\t\t\t<\/div>\n\t\t<\/section>\n\t\t\t\t\t\t<\/div>\n\t\t\t\t\t<\/div>\n\t\t","protected":false},"excerpt":{"rendered":"<p>Ein Traum, der Wirklichkeit wird Hochzeiten in Apulien sind Kult, das Ereignis der Ereignisse. In den letzten Jahren hat sich Apulien als bevorzugter Ort zum Feiern und Feiern von Hochzeiten f\u00fcr Prominente und VIPs erwiesen. Der Grund f\u00fcr diese Wahl liegt in der Tatsache, dass die einladenden apulischen Landschaften und Atmosph\u00e4ren, die zwischen der Sch\u00f6nheit [&hellip;]<\/p>\n","protected":false},"author":1,"featured_media":0,"parent":0,"menu_order":0,"comment_status":"closed","ping_status":"closed","template":"page-full-width.php","meta":{"footnotes":""},"class_list":["post-6218","page","type-page","status-publish","hentry"],"_links":{"self":[{"href":"https:\/\/www.masserialabrunetta.it\/de\/wp-json\/wp\/v2\/pages\/6218","targetHints":{"allow":["GET"]}}],"collection":[{"href":"https:\/\/www.masserialabrunetta.it\/de\/wp-json\/wp\/v2\/pages"}],"about":[{"href":"https:\/\/www.masserialabrunetta.it\/de\/wp-json\/wp\/v2\/types\/page"}],"author":[{"embeddable":true,"href":"https:\/\/www.masserialabrunetta.it\/de\/wp-json\/wp\/v2\/users\/1"}],"replies":[{"embeddable":true,"href":"https:\/\/www.masserialabrunetta.it\/de\/wp-json\/wp\/v2\/comments?post=6218"}],"version-history":[{"count":13,"href":"https:\/\/www.masserialabrunetta.it\/de\/wp-json\/wp\/v2\/pages\/6218\/revisions"}],"predecessor-version":[{"id":8307,"href":"https:\/\/www.masserialabrunetta.it\/de\/wp-json\/wp\/v2\/pages\/6218\/revisions\/8307"}],"wp:attachment":[{"href":"https:\/\/www.masserialabrunetta.it\/de\/wp-json\/wp\/v2\/media?parent=6218"}],"curies":[{"name":"wp","href":"https:\/\/api.w.org\/{rel}","templated":true}]}}