{"id":6237,"date":"2022-03-22T18:53:58","date_gmt":"2022-03-22T17:53:58","guid":{"rendered":"https:\/\/masserialabrunetta.it\/?page_id=6237"},"modified":"2022-03-22T18:55:44","modified_gmt":"2022-03-22T17:55:44","slug":"umgebung","status":"publish","type":"page","link":"https:\/\/www.masserialabrunetta.it\/de\/umgebung\/","title":{"rendered":"Umgebung"},"content":{"rendered":"\t\t<div data-elementor-type=\"wp-page\" data-elementor-id=\"6237\" class=\"elementor elementor-6237\" data-elementor-settings=\"[]\">\n\t\t\t\t\t\t\t<div class=\"elementor-section-wrap\">\n\t\t\t\t\t\t\t<section class=\"elementor-section elementor-top-section elementor-element elementor-element-89d494d elementor-section-full_width qodef-elementor-content-grid elementor-section-height-default elementor-section-height-default\" data-id=\"89d494d\" data-element_type=\"section\">\n\t\t\t\t\t\t<div class=\"elementor-container elementor-column-gap-no\">\n\t\t\t\t\t<div class=\"elementor-column elementor-col-33 elementor-top-column elementor-element elementor-element-8b609be\" data-id=\"8b609be\" data-element_type=\"column\">\n\t\t\t<div class=\"elementor-widget-wrap elementor-element-populated\">\n\t\t\t\t\t\t\t\t<div class=\"elementor-element elementor-element-fd35d10 elementor-widget elementor-widget-heading\" data-id=\"fd35d10\" data-element_type=\"widget\" data-widget_type=\"heading.default\">\n\t\t\t\t<div class=\"elementor-widget-container\">\n\t\t\t<h2 class=\"elementor-heading-title elementor-size-default\">Ihr Urlaub in Apulien.\n<\/h2>\t\t<\/div>\n\t\t\t\t<\/div>\n\t\t\t\t\t<\/div>\n\t\t<\/div>\n\t\t\t\t<div class=\"elementor-column elementor-col-66 elementor-top-column elementor-element elementor-element-f0df83e\" data-id=\"f0df83e\" data-element_type=\"column\">\n\t\t\t<div class=\"elementor-widget-wrap elementor-element-populated\">\n\t\t\t\t\t\t\t\t<div class=\"elementor-element elementor-element-8921bc5 elementor-widget elementor-widget-wp-widget-alloggio_core_custom_font\" data-id=\"8921bc5\" data-element_type=\"widget\" data-widget_type=\"wp-widget-alloggio_core_custom_font.default\">\n\t\t\t\t<div class=\"elementor-widget-container\">\n\t\t\t<p class=\"qodef-shortcode qodef-m  qodef-custom-font qodef-custom-font-1 qodef-layout--simple\" style=\"font-size: 21px;line-height: 34px\">Masseria La Brunetta befindet sich in einem absolut strategischen Punkt f\u00fcr Ihren Urlaub in Apulien.  Es liegt inmitten dreier wunderbarer Landschaften Apuliens: dem Itria-Tal, der Magna Graecia und dem Land von Bari.  Die Gemeinde, die La Brunetta beherbergt, ist Massafra, bekannt f\u00fcr ihre sch\u00f6nen &quot;Gravine&quot;, Felsrillen, die die Stadt in zwei H\u00e4lften teilen.  Massafra ist heute als &quot;Tebaide d&#039;Italia&quot; bekannt, ein Ausdruck, den der \u00f6rtliche Historiker Vincenzo Gallo gepr\u00e4gt hat, um den Reichtum seiner Felsensiedlungen und die Bedeutung der Schluchten zu unterstreichen.<\/p>\t\t<\/div>\n\t\t\t\t<\/div>\n\t\t\t\t\t<\/div>\n\t\t<\/div>\n\t\t\t\t\t\t\t<\/div>\n\t\t<\/section>\n\t\t\t\t<section class=\"elementor-section elementor-top-section elementor-element elementor-element-771e370 elementor-section-full_width qodef-elementor-content-grid elementor-section-height-default elementor-section-height-default\" data-id=\"771e370\" data-element_type=\"section\">\n\t\t\t\t\t\t<div class=\"elementor-container elementor-column-gap-default\">\n\t\t\t\t\t<div class=\"elementor-column elementor-col-66 elementor-top-column elementor-element elementor-element-51372d1\" data-id=\"51372d1\" data-element_type=\"column\">\n\t\t\t<div class=\"elementor-widget-wrap elementor-element-populated\">\n\t\t\t\t\t\t\t\t<div class=\"elementor-element elementor-element-7817def elementor-widget elementor-widget-text-editor\" data-id=\"7817def\" data-element_type=\"widget\" data-widget_type=\"text-editor.default\">\n\t\t\t\t<div class=\"elementor-widget-container\">\n\t\t\t\t\t\t\t<p class=\"p1\"><span class=\"s1\">Das Itria-Tal, das in der ganzen Welt f\u00fcr seine Trulli und die mit Branntkalk gestrichenen wei\u00dfen H\u00e4user bekannt ist, bietet Ausblicke von unvergleichlicher Sch\u00f6nheit. Die Qualit\u00e4t der Luft, die frisch und sauber aus den H\u00fcgeln aufsteigt, die D\u00f6rfer wie Martina Franca, Alberobello, Locorotondo und Ostuni sowie die Wein- und Gastronomietradition machen die Region zu einem unverzichtbaren Ziel f\u00fcr einen gelungenen Aufenthalt in Apulien.<span class=\"Apple-converted-space\">\u00a0<\/span><\/span><\/p><p class=\"p1\"><span class=\"s1\">Die Magna Graecia mit ihrem Zentrum in der Stadt Tarent am Ionischen Meer, ihren antiken Sch\u00f6nheiten, die bis ins antike Griechenland zur\u00fcckreichen, und dem kristallklaren blauen Meer, das sich \u00fcber den Salento erstreckt, ist ein Ort, den man besuchen und sich von ihm verzaubern lassen sollte.<\/span><\/p>\t\t\t\t\t\t<\/div>\n\t\t\t\t<\/div>\n\t\t\t\t\t<\/div>\n\t\t<\/div>\n\t\t\t\t<div class=\"elementor-column elementor-col-33 elementor-top-column elementor-element elementor-element-d47989d\" data-id=\"d47989d\" data-element_type=\"column\">\n\t\t\t<div class=\"elementor-widget-wrap elementor-element-populated\">\n\t\t\t\t\t\t\t\t<div class=\"elementor-element elementor-element-72a3d54 elementor-widget elementor-widget-text-editor\" data-id=\"72a3d54\" data-element_type=\"widget\" data-widget_type=\"text-editor.default\">\n\t\t\t\t<div class=\"elementor-widget-container\">\n\t\t\t\t\t\t\t<p class=\"p1\"><span class=\"s1\">Das Land von Bari, das im Osten auf die Adria blickt, erz\u00e4hlt mittelalterliche Geschichten, die sich zwischen den normannisch-schw\u00e4bischen Burgen und den Gassen au\u00dfergew\u00f6hnlicher D\u00f6rfer wie der Altstadt von Bari, Trani, Andria und Altamura verlieren.<span class=\"Apple-converted-space\">\u00a0<\/span><\/span><\/p><p class=\"p1\"><span class=\"s1\">Die N\u00e4he der Masseria La Brunetta zur ionischen K\u00fcste, die sich bis nach Kalabrien erstreckt, mit ihren langen Sandstr\u00e4nden, macht sie au\u00dferdem zu einem idealen Ort f\u00fcr Urlaub und Spa\u00df f\u00fcr Jung und Alt.<span class=\"Apple-converted-space\">\u00a0<\/span><\/span><\/p>\t\t\t\t\t\t<\/div>\n\t\t\t\t<\/div>\n\t\t\t\t\t<\/div>\n\t\t<\/div>\n\t\t\t\t\t\t\t<\/div>\n\t\t<\/section>\n\t\t\t\t<section class=\"elementor-section elementor-top-section elementor-element elementor-element-e79658b elementor-section-boxed elementor-section-height-default elementor-section-height-default qodef-elementor-content-no\" data-id=\"e79658b\" data-element_type=\"section\">\n\t\t\t\t\t\t<div class=\"elementor-container elementor-column-gap-default\">\n\t\t\t\t\t<div class=\"elementor-column elementor-col-100 elementor-top-column elementor-element elementor-element-569a9d7\" data-id=\"569a9d7\" data-element_type=\"column\">\n\t\t\t<div class=\"elementor-widget-wrap elementor-element-populated\">\n\t\t\t\t\t\t\t\t<div class=\"elementor-element elementor-element-3b73432 elementor-widget elementor-widget-image-gallery\" data-id=\"3b73432\" data-element_type=\"widget\" data-widget_type=\"image-gallery.default\">\n\t\t\t\t<div class=\"elementor-widget-container\">\n\t\t\t\t\t<div class=\"elementor-image-gallery\">\n\t\t\t\n\t\t<style type=\"text\/css\">\n\t\t\t#gallery-1 {\n\t\t\t\tmargin: auto;\n\t\t\t}\n\t\t\t#gallery-1 .gallery-item {\n\t\t\t\tfloat: left;\n\t\t\t\tmargin-top: 10px;\n\t\t\t\ttext-align: center;\n\t\t\t\twidth: 33%;\n\t\t\t}\n\t\t\t#gallery-1 img {\n\t\t\t\tborder: 2px solid #cfcfcf;\n\t\t\t}\n\t\t\t#gallery-1 .gallery-caption {\n\t\t\t\tmargin-left: 0;\n\t\t\t}\n\t\t\t\/* see gallery_shortcode() in wp-includes\/media.php *\/\n\t\t<\/style>\n\t\t<div id='gallery-1' class='gallery galleryid-6237 gallery-columns-3 gallery-size-qi_addons_for_elementor_image_size_square'><dl class='gallery-item'>\n\t\t\t<dt class='gallery-icon landscape'>\n\t\t\t\t<a data-elementor-open-lightbox=\"yes\" data-elementor-lightbox-slideshow=\"3b73432\" data-elementor-lightbox-title=\"03_04_19-12_11_06-L5cf94747f7a3fce1cb0e85dd42ba6a6\" href='https:\/\/www.masserialabrunetta.it\/wp-content\/uploads\/2022\/01\/03_04_19-12_11_06-L5cf94747f7a3fce1cb0e85dd42ba6a6.jpeg'><img loading=\"lazy\" decoding=\"async\" width=\"650\" height=\"650\" src=\"https:\/\/www.masserialabrunetta.it\/wp-content\/uploads\/2022\/01\/03_04_19-12_11_06-L5cf94747f7a3fce1cb0e85dd42ba6a6-650x650.jpeg\" class=\"attachment-qi_addons_for_elementor_image_size_square size-qi_addons_for_elementor_image_size_square\" alt=\"\" srcset=\"https:\/\/www.masserialabrunetta.it\/wp-content\/uploads\/2022\/01\/03_04_19-12_11_06-L5cf94747f7a3fce1cb0e85dd42ba6a6-650x650.jpeg 650w, https:\/\/www.masserialabrunetta.it\/wp-content\/uploads\/2022\/01\/03_04_19-12_11_06-L5cf94747f7a3fce1cb0e85dd42ba6a6-300x300.jpeg 300w, https:\/\/www.masserialabrunetta.it\/wp-content\/uploads\/2022\/01\/03_04_19-12_11_06-L5cf94747f7a3fce1cb0e85dd42ba6a6-100x100.jpeg 100w, https:\/\/www.masserialabrunetta.it\/wp-content\/uploads\/2022\/01\/03_04_19-12_11_06-L5cf94747f7a3fce1cb0e85dd42ba6a6-150x150.jpeg 150w\" sizes=\"auto, (max-width: 650px) 100vw, 650px\" \/><\/a>\n\t\t\t<\/dt><\/dl><dl class='gallery-item'>\n\t\t\t<dt class='gallery-icon landscape'>\n\t\t\t\t<a data-elementor-open-lightbox=\"yes\" data-elementor-lightbox-slideshow=\"3b73432\" data-elementor-lightbox-title=\"424013006170353_Ostuni_504336925\" href='https:\/\/www.masserialabrunetta.it\/wp-content\/uploads\/2022\/01\/424013006170353_Ostuni_504336925.jpeg'><img loading=\"lazy\" decoding=\"async\" width=\"650\" height=\"650\" src=\"https:\/\/www.masserialabrunetta.it\/wp-content\/uploads\/2022\/01\/424013006170353_Ostuni_504336925-650x650.jpeg\" class=\"attachment-qi_addons_for_elementor_image_size_square size-qi_addons_for_elementor_image_size_square\" alt=\"\" srcset=\"https:\/\/www.masserialabrunetta.it\/wp-content\/uploads\/2022\/01\/424013006170353_Ostuni_504336925-650x650.jpeg 650w, https:\/\/www.masserialabrunetta.it\/wp-content\/uploads\/2022\/01\/424013006170353_Ostuni_504336925-300x300.jpeg 300w, https:\/\/www.masserialabrunetta.it\/wp-content\/uploads\/2022\/01\/424013006170353_Ostuni_504336925-100x100.jpeg 100w, https:\/\/www.masserialabrunetta.it\/wp-content\/uploads\/2022\/01\/424013006170353_Ostuni_504336925-150x150.jpeg 150w\" sizes=\"auto, (max-width: 650px) 100vw, 650px\" \/><\/a>\n\t\t\t<\/dt><\/dl><dl class='gallery-item'>\n\t\t\t<dt class='gallery-icon landscape'>\n\t\t\t\t<a data-elementor-open-lightbox=\"yes\" data-elementor-lightbox-slideshow=\"3b73432\" data-elementor-lightbox-title=\"alberobello\" href='https:\/\/www.masserialabrunetta.it\/wp-content\/uploads\/2022\/01\/alberobello.jpeg'><img loading=\"lazy\" decoding=\"async\" width=\"650\" height=\"650\" src=\"https:\/\/www.masserialabrunetta.it\/wp-content\/uploads\/2022\/01\/alberobello-650x650.jpeg\" class=\"attachment-qi_addons_for_elementor_image_size_square size-qi_addons_for_elementor_image_size_square\" alt=\"\" srcset=\"https:\/\/www.masserialabrunetta.it\/wp-content\/uploads\/2022\/01\/alberobello-650x650.jpeg 650w, https:\/\/www.masserialabrunetta.it\/wp-content\/uploads\/2022\/01\/alberobello-300x300.jpeg 300w, https:\/\/www.masserialabrunetta.it\/wp-content\/uploads\/2022\/01\/alberobello-100x100.jpeg 100w, https:\/\/www.masserialabrunetta.it\/wp-content\/uploads\/2022\/01\/alberobello-150x150.jpeg 150w\" sizes=\"auto, (max-width: 650px) 100vw, 650px\" \/><\/a>\n\t\t\t<\/dt><\/dl><br style=\"clear: both\" \/><dl class='gallery-item'>\n\t\t\t<dt class='gallery-icon landscape'>\n\t\t\t\t<a data-elementor-open-lightbox=\"yes\" data-elementor-lightbox-slideshow=\"3b73432\" data-elementor-lightbox-title=\"basilica-martina-franca\" href='https:\/\/www.masserialabrunetta.it\/wp-content\/uploads\/2022\/01\/basilica-martina-franca.jpeg'><img loading=\"lazy\" decoding=\"async\" width=\"650\" height=\"650\" src=\"https:\/\/www.masserialabrunetta.it\/wp-content\/uploads\/2022\/01\/basilica-martina-franca-650x650.jpeg\" class=\"attachment-qi_addons_for_elementor_image_size_square size-qi_addons_for_elementor_image_size_square\" alt=\"\" srcset=\"https:\/\/www.masserialabrunetta.it\/wp-content\/uploads\/2022\/01\/basilica-martina-franca-650x650.jpeg 650w, https:\/\/www.masserialabrunetta.it\/wp-content\/uploads\/2022\/01\/basilica-martina-franca-300x300.jpeg 300w, https:\/\/www.masserialabrunetta.it\/wp-content\/uploads\/2022\/01\/basilica-martina-franca-100x100.jpeg 100w, https:\/\/www.masserialabrunetta.it\/wp-content\/uploads\/2022\/01\/basilica-martina-franca-150x150.jpeg 150w\" sizes=\"auto, (max-width: 650px) 100vw, 650px\" \/><\/a>\n\t\t\t<\/dt><\/dl><dl class='gallery-item'>\n\t\t\t<dt class='gallery-icon landscape'>\n\t\t\t\t<a data-elementor-open-lightbox=\"yes\" data-elementor-lightbox-slideshow=\"3b73432\" data-elementor-lightbox-title=\"salento-2021-scaled\" href='https:\/\/www.masserialabrunetta.it\/wp-content\/uploads\/2022\/01\/salento-2021-scaled-1.jpeg'><img loading=\"lazy\" decoding=\"async\" width=\"650\" height=\"650\" src=\"https:\/\/www.masserialabrunetta.it\/wp-content\/uploads\/2022\/01\/salento-2021-scaled-1-650x650.jpeg\" class=\"attachment-qi_addons_for_elementor_image_size_square size-qi_addons_for_elementor_image_size_square\" alt=\"\" srcset=\"https:\/\/www.masserialabrunetta.it\/wp-content\/uploads\/2022\/01\/salento-2021-scaled-1-650x650.jpeg 650w, https:\/\/www.masserialabrunetta.it\/wp-content\/uploads\/2022\/01\/salento-2021-scaled-1-300x300.jpeg 300w, https:\/\/www.masserialabrunetta.it\/wp-content\/uploads\/2022\/01\/salento-2021-scaled-1-100x100.jpeg 100w, https:\/\/www.masserialabrunetta.it\/wp-content\/uploads\/2022\/01\/salento-2021-scaled-1-150x150.jpeg 150w\" sizes=\"auto, (max-width: 650px) 100vw, 650px\" \/><\/a>\n\t\t\t<\/dt><\/dl><dl class='gallery-item'>\n\t\t\t<dt class='gallery-icon landscape'>\n\t\t\t\t<a data-elementor-open-lightbox=\"yes\" data-elementor-lightbox-slideshow=\"3b73432\" data-elementor-lightbox-title=\"taranto-sera\" href='https:\/\/www.masserialabrunetta.it\/wp-content\/uploads\/2022\/01\/taranto-sera.jpeg'><img loading=\"lazy\" decoding=\"async\" width=\"650\" height=\"650\" src=\"https:\/\/www.masserialabrunetta.it\/wp-content\/uploads\/2022\/01\/taranto-sera-650x650.jpeg\" class=\"attachment-qi_addons_for_elementor_image_size_square size-qi_addons_for_elementor_image_size_square\" alt=\"\" srcset=\"https:\/\/www.masserialabrunetta.it\/wp-content\/uploads\/2022\/01\/taranto-sera-650x650.jpeg 650w, https:\/\/www.masserialabrunetta.it\/wp-content\/uploads\/2022\/01\/taranto-sera-300x300.jpeg 300w, https:\/\/www.masserialabrunetta.it\/wp-content\/uploads\/2022\/01\/taranto-sera-100x100.jpeg 100w, https:\/\/www.masserialabrunetta.it\/wp-content\/uploads\/2022\/01\/taranto-sera-150x150.jpeg 150w\" sizes=\"auto, (max-width: 650px) 100vw, 650px\" \/><\/a>\n\t\t\t<\/dt><\/dl><br style=\"clear: both\" \/>\n\t\t<\/div>\n\t\t<\/div>\n\t\t\t\t<\/div>\n\t\t\t\t<\/div>\n\t\t\t\t\t<\/div>\n\t\t<\/div>\n\t\t\t\t\t\t\t<\/div>\n\t\t<\/section>\n\t\t\t\t<section class=\"elementor-section elementor-top-section elementor-element elementor-element-8ec562e elementor-section-boxed elementor-section-height-default elementor-section-height-default qodef-elementor-content-no\" data-id=\"8ec562e\" data-element_type=\"section\">\n\t\t\t\t\t\t<div class=\"elementor-container elementor-column-gap-default\">\n\t\t\t\t\t<div class=\"elementor-column elementor-col-100 elementor-top-column elementor-element elementor-element-0555a2f\" data-id=\"0555a2f\" data-element_type=\"column\">\n\t\t\t<div class=\"elementor-widget-wrap elementor-element-populated\">\n\t\t\t\t\t\t\t\t<div class=\"elementor-element elementor-element-8e92980 elementor-widget elementor-widget-spacer\" data-id=\"8e92980\" data-element_type=\"widget\" data-widget_type=\"spacer.default\">\n\t\t\t\t<div class=\"elementor-widget-container\">\n\t\t\t\t\t<div class=\"elementor-spacer\">\n\t\t\t<div class=\"elementor-spacer-inner\"><\/div>\n\t\t<\/div>\n\t\t\t\t<\/div>\n\t\t\t\t<\/div>\n\t\t\t\t\t<\/div>\n\t\t<\/div>\n\t\t\t\t\t\t\t<\/div>\n\t\t<\/section>\n\t\t\t\t<section class=\"elementor-section elementor-top-section elementor-element elementor-element-7748510 elementor-section-boxed elementor-section-height-default elementor-section-height-default qodef-elementor-content-no\" data-id=\"7748510\" data-element_type=\"section\">\n\t\t\t\t\t\t<div class=\"elementor-container elementor-column-gap-default\">\n\t\t\t\t\t<div class=\"elementor-column elementor-col-100 elementor-top-column elementor-element elementor-element-a748db3\" data-id=\"a748db3\" data-element_type=\"column\">\n\t\t\t<div class=\"elementor-widget-wrap elementor-element-populated\">\n\t\t\t\t\t\t\t\t<div class=\"elementor-element elementor-element-6ea9f93 elementor-widget elementor-widget-heading\" data-id=\"6ea9f93\" data-element_type=\"widget\" data-widget_type=\"heading.default\">\n\t\t\t\t<div class=\"elementor-widget-container\">\n\t\t\t<h2 class=\"elementor-heading-title elementor-size-default\">Dove mangiare<\/h2>\t\t<\/div>\n\t\t\t\t<\/div>\n\t\t\t\t\t<\/div>\n\t\t<\/div>\n\t\t\t\t\t\t\t<\/div>\n\t\t<\/section>\n\t\t\t\t<section class=\"elementor-section elementor-top-section elementor-element elementor-element-e594fe0 elementor-section-boxed elementor-section-height-default elementor-section-height-default qodef-elementor-content-no\" data-id=\"e594fe0\" data-element_type=\"section\">\n\t\t\t\t\t\t<div class=\"elementor-container elementor-column-gap-default\">\n\t\t\t\t\t<div class=\"elementor-column elementor-col-50 elementor-top-column elementor-element elementor-element-ec21c9f\" data-id=\"ec21c9f\" data-element_type=\"column\">\n\t\t\t<div class=\"elementor-widget-wrap elementor-element-populated\">\n\t\t\t\t\t\t\t\t<section class=\"elementor-section elementor-inner-section elementor-element elementor-element-995af2e elementor-section-boxed elementor-section-height-default elementor-section-height-default qodef-elementor-content-no\" data-id=\"995af2e\" data-element_type=\"section\">\n\t\t\t\t\t\t<div class=\"elementor-container elementor-column-gap-default\">\n\t\t\t\t\t<div class=\"elementor-column elementor-col-100 elementor-inner-column elementor-element elementor-element-467ed60\" data-id=\"467ed60\" data-element_type=\"column\">\n\t\t\t<div class=\"elementor-widget-wrap elementor-element-populated\">\n\t\t\t\t\t\t\t\t<div class=\"elementor-element elementor-element-cf961ca elementor-widget elementor-widget-text-editor\" data-id=\"cf961ca\" data-element_type=\"widget\" data-widget_type=\"text-editor.default\">\n\t\t\t\t<div class=\"elementor-widget-container\">\n\t\t\t\t\t\t\t<p><strong>Vecchie Storie<\/strong><br \/>Via Giuseppe Pisanelli, 15\/17, 74016 Massafra TA<br \/>tel 099.8854031<\/p><p><strong>Cristal<br \/><\/strong>Via Sandro Pertini, 10, 74016 Massafra TA<br \/>tel 099.8807953<\/p><p><strong>Zia Rir\u00ec<br \/><\/strong>Piazza Pio XI, 9, 74016 Massafra TA<br \/>tel 329.6463953<\/p>\t\t\t\t\t\t<\/div>\n\t\t\t\t<\/div>\n\t\t\t\t\t<\/div>\n\t\t<\/div>\n\t\t\t\t\t\t\t<\/div>\n\t\t<\/section>\n\t\t\t\t\t<\/div>\n\t\t<\/div>\n\t\t\t\t<div class=\"elementor-column elementor-col-50 elementor-top-column elementor-element elementor-element-320df67\" data-id=\"320df67\" data-element_type=\"column\">\n\t\t\t<div class=\"elementor-widget-wrap elementor-element-populated\">\n\t\t\t\t\t\t\t\t<div class=\"elementor-element elementor-element-c7bc098 elementor-widget elementor-widget-text-editor\" data-id=\"c7bc098\" data-element_type=\"widget\" data-widget_type=\"text-editor.default\">\n\t\t\t\t<div class=\"elementor-widget-container\">\n\t\t\t\t\t\t\t<p><span style=\"font-family: Helvetica;\"><strong>Hostaria La Serra<br \/><\/strong>Piazza Risorgimento, 14, 74016 Massafra TA<br \/><\/span><span style=\"font-family: Helvetica;\">tel 347.9397283<\/span><\/p><p><span style=\"font-family: Helvetica;\"><strong>Il Ritrovo degli Ostinati<br \/><\/strong><\/span>Vico 1\u00b0, Vico I Santi Medici, 74016 Massafra TA <br \/>tel 388.3595851<\/p><p><strong>Civico 45 Enosteria<\/strong> <br \/>Vico II\u00b0 Santi Medici, 45, 74016 Massafra TA <br \/>tel 366.8909747<\/p>\t\t\t\t\t\t<\/div>\n\t\t\t\t<\/div>\n\t\t\t\t\t<\/div>\n\t\t<\/div>\n\t\t\t\t\t\t\t<\/div>\n\t\t<\/section>\n\t\t\t\t\t\t<\/div>\n\t\t\t\t\t<\/div>\n\t\t","protected":false},"excerpt":{"rendered":"<p>Ihr Urlaub in Apulien. Das Itria-Tal, das in der ganzen Welt f\u00fcr seine Trulli und die mit Branntkalk gestrichenen wei\u00dfen H\u00e4user bekannt ist, bietet Ausblicke von unvergleichlicher Sch\u00f6nheit. Die Qualit\u00e4t der Luft, die frisch und sauber aus den H\u00fcgeln aufsteigt, die D\u00f6rfer wie Martina Franca, Alberobello, Locorotondo und Ostuni sowie die Wein- und Gastronomietradition machen [&hellip;]<\/p>\n","protected":false},"author":1,"featured_media":0,"parent":0,"menu_order":0,"comment_status":"closed","ping_status":"closed","template":"page-full-width.php","meta":{"footnotes":""},"class_list":["post-6237","page","type-page","status-publish","hentry"],"_links":{"self":[{"href":"https:\/\/www.masserialabrunetta.it\/de\/wp-json\/wp\/v2\/pages\/6237","targetHints":{"allow":["GET"]}}],"collection":[{"href":"https:\/\/www.masserialabrunetta.it\/de\/wp-json\/wp\/v2\/pages"}],"about":[{"href":"https:\/\/www.masserialabrunetta.it\/de\/wp-json\/wp\/v2\/types\/page"}],"author":[{"embeddable":true,"href":"https:\/\/www.masserialabrunetta.it\/de\/wp-json\/wp\/v2\/users\/1"}],"replies":[{"embeddable":true,"href":"https:\/\/www.masserialabrunetta.it\/de\/wp-json\/wp\/v2\/comments?post=6237"}],"version-history":[{"count":4,"href":"https:\/\/www.masserialabrunetta.it\/de\/wp-json\/wp\/v2\/pages\/6237\/revisions"}],"predecessor-version":[{"id":6241,"href":"https:\/\/www.masserialabrunetta.it\/de\/wp-json\/wp\/v2\/pages\/6237\/revisions\/6241"}],"wp:attachment":[{"href":"https:\/\/www.masserialabrunetta.it\/de\/wp-json\/wp\/v2\/media?parent=6237"}],"curies":[{"name":"wp","href":"https:\/\/api.w.org\/{rel}","templated":true}]}}