{"id":6322,"date":"2022-03-23T19:38:49","date_gmt":"2022-03-23T18:38:49","guid":{"rendered":"https:\/\/masserialabrunetta.it\/?page_id=6322"},"modified":"2022-11-23T15:03:59","modified_gmt":"2022-11-23T14:03:59","slug":"preise","status":"publish","type":"page","link":"https:\/\/www.masserialabrunetta.it\/de\/preise\/","title":{"rendered":"Preise"},"content":{"rendered":"\t\t<div data-elementor-type=\"wp-page\" data-elementor-id=\"6322\" class=\"elementor elementor-6322\" data-elementor-settings=\"[]\">\n\t\t\t\t\t\t\t<div class=\"elementor-section-wrap\">\n\t\t\t\t\t\t\t<section class=\"elementor-section elementor-top-section elementor-element elementor-element-3ffcb35 elementor-section-full_width qodef-elementor-content-grid elementor-section-height-default elementor-section-height-default\" data-id=\"3ffcb35\" data-element_type=\"section\">\n\t\t\t\t\t\t<div class=\"elementor-container elementor-column-gap-no\">\n\t\t\t\t\t<div class=\"elementor-column elementor-col-100 elementor-top-column elementor-element elementor-element-935c5ec\" data-id=\"935c5ec\" data-element_type=\"column\">\n\t\t\t<div class=\"elementor-widget-wrap elementor-element-populated\">\n\t\t\t\t\t\t\t\t<div class=\"elementor-element elementor-element-4c7511c elementor-widget elementor-widget-alloggio_core_section_title\" data-id=\"4c7511c\" data-element_type=\"widget\" data-widget_type=\"alloggio_core_section_title.default\">\n\t\t\t\t<div class=\"elementor-widget-container\">\n\t\t\t<div class=\"qodef-shortcode qodef-m  qodef-section-title qodef-alignment--center\">\n\t\t<h2 class=\"qodef-m-title\" >\n\t\t\t\t\tTarife und Konditionen\t\t\t<\/h2>\n\t\t<span class=\"qodef-m-text\" >Unsere Angebote sind nach Saisonalit\u00e4t unterteilt: hoch, mittel und niedrig. Alle Aufenthalte beinhalten die gleichen Bedingungen, unabh\u00e4ngig vom Zeitraum.\n<\/span>\n<\/div>\t\t<\/div>\n\t\t\t\t<\/div>\n\t\t\t\t\t<\/div>\n\t\t<\/div>\n\t\t\t\t\t\t\t<\/div>\n\t\t<\/section>\n\t\t\t\t<section class=\"elementor-section elementor-top-section elementor-element elementor-element-48ebb83 elementor-section-full_width qodef-elementor-content-grid elementor-section-height-default elementor-section-height-default\" data-id=\"48ebb83\" data-element_type=\"section\">\n\t\t\t\t\t\t<div class=\"elementor-container elementor-column-gap-no\">\n\t\t\t\t\t<div class=\"elementor-column elementor-col-33 elementor-top-column elementor-element elementor-element-431bb12\" data-id=\"431bb12\" data-element_type=\"column\">\n\t\t\t<div class=\"elementor-widget-wrap elementor-element-populated\">\n\t\t\t\t\t\t\t\t<div class=\"elementor-element elementor-element-f9965ad elementor-widget elementor-widget-alloggio_core_pricing_table\" data-id=\"f9965ad\" data-element_type=\"widget\" data-widget_type=\"alloggio_core_pricing_table.default\">\n\t\t\t\t<div class=\"elementor-widget-container\">\n\t\t\t<div class=\"qodef-shortcode qodef-m  qodef-pricing-table qodef-layout--standard qodef-status--regular\" >\n\t<div class=\"qodef-m-inner\">\n\t\t\t<div class=\"qodef-m-title\">\n\t\t<p >Vom 1. Januar bis 31. Mai<\/p>\n\t<\/div>\n\t\t\t<div class=\"qodef-m-price\">\n\t\t<div class=\"qodef-m-price-wrapper\" >\n\t\t\t<span class=\"qodef-m-price-value\">Nebensaison<\/span>\n\t\t\t\t\t<\/div>\n\t<\/div>\n\t\t\t<div class=\"qodef-m-content\"><ul><li>\u00dcbernachtung und italienisches Fr\u00fchst\u00fcck;<\/li><li>Zimmer mit Bad und Klimaanlage;<\/li><li>Check-in 11.00 \/ 20.00;<\/li><li>Check-out bis 11.00 Uhr;<\/li><li>Nutzung des Swimmingpools und des Tennisplatzes;<\/li><li>WLAN im Zimmer und in den \u00f6ffentlichen Bereichen;<\/li><li>Satellitenfernsehen;<\/li><li>K\u00fchlschrankbar im Zimmer;<\/li><li>Sicher;<\/li><li>Reservierter Parkplatz.<br \/><span style=\"text-decoration: underline;\"> <br \/>Optionale Leistungen, gegen Geb\u00fchr: <\/span><\/li><li>Shuttle vom\/zum Flughafen Bari und Brindisi;<\/li><li>Autovermietung.<\/li><\/ul><p><br \/>Einzelzimmer<br \/><span class=\"prezzo\"> 80,00 \u20ac <\/span> pro Nacht<br \/><br \/>Doppelzimmer<br \/><span class=\"prezzo\">120,00 \u20ac<\/span> pro Nacht<\/p><p>\u00a0<\/p><p><em>Late\/Early check-in: + 30,00 \u20ac<\/em><\/p><p><em>Late check-out: + 30,00 \u20ac<\/em><\/p><\/div>\n\t\t\t<div class=\"qodef-m-button clear\">\n\t\t<a class=\"qodef-shortcode qodef-m  qodef-button qodef-layout--outlined  qodef-html--link\" href=\"https:\/\/masserialabrunetta.it\/de\/room\/?layout=standard\" target=\"_self\"  style=\"margin: 53px 0 0 0\">\t<span class=\"qodef-m-text\">Die Zimmer<\/span>\t<span class=\"qodef-m-background-holder\" ><\/span><\/a>\t<\/div>\n\t<\/div>\n<\/div>\t\t<\/div>\n\t\t\t\t<\/div>\n\t\t\t\t\t<\/div>\n\t\t<\/div>\n\t\t\t\t<div class=\"elementor-column elementor-col-33 elementor-top-column elementor-element elementor-element-9a35209\" data-id=\"9a35209\" data-element_type=\"column\">\n\t\t\t<div class=\"elementor-widget-wrap elementor-element-populated\">\n\t\t\t\t\t\t\t\t<div class=\"elementor-element elementor-element-e064eeb elementor-widget elementor-widget-alloggio_core_pricing_table\" data-id=\"e064eeb\" data-element_type=\"widget\" data-widget_type=\"alloggio_core_pricing_table.default\">\n\t\t\t\t<div class=\"elementor-widget-container\">\n\t\t\t<div class=\"qodef-shortcode qodef-m  qodef-pricing-table qodef-layout--standard qodef-status--regular\" >\n\t<div class=\"qodef-m-inner\">\n\t\t\t<div class=\"qodef-m-title\">\n\t\t<p >Vom 1. Juni bis 15. September<\/p>\n\t<\/div>\n\t\t\t<div class=\"qodef-m-price\">\n\t\t<div class=\"qodef-m-price-wrapper\" >\n\t\t\t<span class=\"qodef-m-price-value\">Hochsaison<\/span>\n\t\t\t\t\t<\/div>\n\t<\/div>\n\t\t\t<div class=\"qodef-m-content\"><ul><li>\u00dcbernachtung und italienisches Fr\u00fchst\u00fcck;<\/li><li>Zimmer mit Bad und Klimaanlage;<\/li><li>Check-in 11.00 \/ 20.00;<\/li><li>Check-out bis 11.00 Uhr;<\/li><li>Nutzung des Swimmingpools und des Tennisplatzes;<\/li><li>WLAN im Zimmer und in den \u00f6ffentlichen Bereichen;<\/li><li>Satellitenfernsehen;<\/li><li>K\u00fchlschrankbar im Zimmer;<\/li><li>Sicher;<\/li><li>Reservierter Parkplatz.<br \/><span style=\"text-decoration: underline;\"><br \/>Optionale Leistungen, gegen Geb\u00fchr: <\/span><\/li><li>Shuttle vom\/zum Flughafen Bari und Brindisi;<\/li><li>Autovermietung.<br \/><br \/><\/li><\/ul><p>Einzelzimmer<br \/><span class=\"prezzo\"> 120,00 \u20ac <\/span> pro Nacht<\/p><p>Doppelzimmer<br \/><span class=\"prezzo\">170,00 \u20ac<\/span> pro Nacht<\/p><p>\u00a0<\/p><p><em>Late\/Early check-in: + 30,00 \u20ac<\/em><\/p><p><em>Late check-out: + 30,00 \u20ac<\/em><\/p><\/div>\n\t\t\t<div class=\"qodef-m-button clear\">\n\t\t<a class=\"qodef-shortcode qodef-m  qodef-button qodef-layout--outlined  qodef-html--link\" href=\"https:\/\/masserialabrunetta.it\/de\/room\/?layout=standard\" target=\"_self\"  style=\"margin: 53px 0 0 0\">\t<span class=\"qodef-m-text\">Die Zimmer<\/span>\t<span class=\"qodef-m-background-holder\" ><\/span><\/a>\t<\/div>\n\t<\/div>\n<\/div>\t\t<\/div>\n\t\t\t\t<\/div>\n\t\t\t\t\t<\/div>\n\t\t<\/div>\n\t\t\t\t<div class=\"elementor-column elementor-col-33 elementor-top-column elementor-element elementor-element-b6f6bcd\" data-id=\"b6f6bcd\" data-element_type=\"column\">\n\t\t\t<div class=\"elementor-widget-wrap elementor-element-populated\">\n\t\t\t\t\t\t\t\t<div class=\"elementor-element elementor-element-869fc11 elementor-widget elementor-widget-alloggio_core_pricing_table\" data-id=\"869fc11\" data-element_type=\"widget\" data-widget_type=\"alloggio_core_pricing_table.default\">\n\t\t\t\t<div class=\"elementor-widget-container\">\n\t\t\t<div class=\"qodef-shortcode qodef-m  qodef-pricing-table qodef-layout--standard qodef-status--regular\" >\n\t<div class=\"qodef-m-inner\">\n\t\t\t<div class=\"qodef-m-title\">\n\t\t<p >Vom 16. September bis 31. Dezember<\/p>\n\t<\/div>\n\t\t\t<div class=\"qodef-m-price\">\n\t\t<div class=\"qodef-m-price-wrapper\" >\n\t\t\t<span class=\"qodef-m-price-value\">Nebensaison<\/span>\n\t\t\t\t\t<\/div>\n\t<\/div>\n\t\t\t<div class=\"qodef-m-content\"><ul><li>\u00dcbernachtung und italienisches Fr\u00fchst\u00fcck;<\/li><li>Zimmer mit Bad und Klimaanlage;<\/li><li>Check-in 11.00 \/ 20.00;<\/li><li>Check-out bis 11.00 Uhr;<\/li><li>Nutzung des Swimmingpools und des Tennisplatzes;<\/li><li>WLAN im Zimmer und in den \u00f6ffentlichen Bereichen;<\/li><li>Satellitenfernsehen;<\/li><li>K\u00fchlschrankbar im Zimmer;<\/li><li>Sicher;<\/li><li>Reservierter Parkplatz.<br \/><span style=\"text-decoration: underline;\"> <br \/>Optionale Leistungen, gegen Geb\u00fchr: <\/span><\/li><li>Shuttle vom\/zum Flughafen Bari und Brindisi;<\/li><li>Autovermietung.<\/li><\/ul><p><br \/>Einzelzimmer<br \/><span class=\"prezzo\"> 80,00 \u20ac <\/span> pro Nacht<br \/><br \/>Doppelzimmer<br \/><span class=\"prezzo\">120,00 \u20ac<\/span> pro Nacht<\/p><p>\u00a0<\/p><p><em>Late\/Early check-in: + 30,00 \u20ac<\/em><\/p><p><em>Late check-out: + 30,00 \u20ac<\/em><\/p><\/div>\n\t\t\t<div class=\"qodef-m-button clear\">\n\t\t<a class=\"qodef-shortcode qodef-m  qodef-button qodef-layout--outlined  qodef-html--link\" href=\"https:\/\/masserialabrunetta.it\/de\/room\/?layout=standard\" target=\"_self\"  style=\"margin: 53px 0 0 0\">\t<span class=\"qodef-m-text\">Die Zimmer<\/span>\t<span class=\"qodef-m-background-holder\" ><\/span><\/a>\t<\/div>\n\t<\/div>\n<\/div>\t\t<\/div>\n\t\t\t\t<\/div>\n\t\t\t\t\t<\/div>\n\t\t<\/div>\n\t\t\t\t\t\t\t<\/div>\n\t\t<\/section>\n\t\t\t\t<section class=\"elementor-section elementor-top-section elementor-element elementor-element-589bf6c elementor-section-full_width elementor-section-height-default elementor-section-height-default qodef-elementor-content-no\" data-id=\"589bf6c\" data-element_type=\"section\">\n\t\t\t\t\t\t<div class=\"elementor-container elementor-column-gap-no\">\n\t\t\t\t\t<div class=\"elementor-column elementor-col-100 elementor-top-column elementor-element elementor-element-f98e1f0\" data-id=\"f98e1f0\" data-element_type=\"column\">\n\t\t\t<div class=\"elementor-widget-wrap\">\n\t\t\t\t\t\t\t\t\t<\/div>\n\t\t<\/div>\n\t\t\t\t\t\t\t<\/div>\n\t\t<\/section>\n\t\t\t\t\t\t<\/div>\n\t\t\t\t\t<\/div>\n\t\t","protected":false},"excerpt":{"rendered":"<p>Tarife und Konditionen Unsere Angebote sind nach Saisonalit\u00e4t unterteilt: hoch, mittel und niedrig. Alle Aufenthalte beinhalten die gleichen Bedingungen, unabh\u00e4ngig vom Zeitraum. Vom 1. Januar bis 31. Mai Nebensaison \u00dcbernachtung und italienisches Fr\u00fchst\u00fcck; Zimmer mit Bad und Klimaanlage; Check-in 11.00 \/ 20.00; Check-out bis 11.00 Uhr; Nutzung des Swimmingpools und des Tennisplatzes; WLAN im Zimmer [&hellip;]<\/p>\n","protected":false},"author":1,"featured_media":0,"parent":0,"menu_order":0,"comment_status":"closed","ping_status":"closed","template":"page-full-width.php","meta":{"footnotes":""},"class_list":["post-6322","page","type-page","status-publish","hentry"],"_links":{"self":[{"href":"https:\/\/www.masserialabrunetta.it\/de\/wp-json\/wp\/v2\/pages\/6322","targetHints":{"allow":["GET"]}}],"collection":[{"href":"https:\/\/www.masserialabrunetta.it\/de\/wp-json\/wp\/v2\/pages"}],"about":[{"href":"https:\/\/www.masserialabrunetta.it\/de\/wp-json\/wp\/v2\/types\/page"}],"author":[{"embeddable":true,"href":"https:\/\/www.masserialabrunetta.it\/de\/wp-json\/wp\/v2\/users\/1"}],"replies":[{"embeddable":true,"href":"https:\/\/www.masserialabrunetta.it\/de\/wp-json\/wp\/v2\/comments?post=6322"}],"version-history":[{"count":22,"href":"https:\/\/www.masserialabrunetta.it\/de\/wp-json\/wp\/v2\/pages\/6322\/revisions"}],"predecessor-version":[{"id":8482,"href":"https:\/\/www.masserialabrunetta.it\/de\/wp-json\/wp\/v2\/pages\/6322\/revisions\/8482"}],"wp:attachment":[{"href":"https:\/\/www.masserialabrunetta.it\/de\/wp-json\/wp\/v2\/media?parent=6322"}],"curies":[{"name":"wp","href":"https:\/\/api.w.org\/{rel}","templated":true}]}}