{"id":5997,"date":"2022-03-15T18:55:57","date_gmt":"2022-03-15T17:55:57","guid":{"rendered":"https:\/\/masserialabrunetta.it\/?page_id=5997"},"modified":"2022-03-15T18:57:30","modified_gmt":"2022-03-15T17:57:30","slug":"les-environs","status":"publish","type":"page","link":"https:\/\/www.masserialabrunetta.it\/fr\/les-environs\/","title":{"rendered":"Les environs"},"content":{"rendered":"\t\t<div data-elementor-type=\"wp-page\" data-elementor-id=\"5997\" class=\"elementor elementor-5997\" data-elementor-settings=\"[]\">\n\t\t\t\t\t\t\t<div class=\"elementor-section-wrap\">\n\t\t\t\t\t\t\t<section class=\"elementor-section elementor-top-section elementor-element elementor-element-89d494d elementor-section-full_width qodef-elementor-content-grid elementor-section-height-default elementor-section-height-default\" data-id=\"89d494d\" data-element_type=\"section\">\n\t\t\t\t\t\t<div class=\"elementor-container elementor-column-gap-no\">\n\t\t\t\t\t<div class=\"elementor-column elementor-col-33 elementor-top-column elementor-element elementor-element-8b609be\" data-id=\"8b609be\" data-element_type=\"column\">\n\t\t\t<div class=\"elementor-widget-wrap elementor-element-populated\">\n\t\t\t\t\t\t\t\t<div class=\"elementor-element elementor-element-fd35d10 elementor-widget elementor-widget-heading\" data-id=\"fd35d10\" data-element_type=\"widget\" data-widget_type=\"heading.default\">\n\t\t\t\t<div class=\"elementor-widget-container\">\n\t\t\t<h2 class=\"elementor-heading-title elementor-size-default\">Vos vacances dans les Pouilles.<\/h2>\t\t<\/div>\n\t\t\t\t<\/div>\n\t\t\t\t\t<\/div>\n\t\t<\/div>\n\t\t\t\t<div class=\"elementor-column elementor-col-66 elementor-top-column elementor-element elementor-element-f0df83e\" data-id=\"f0df83e\" data-element_type=\"column\">\n\t\t\t<div class=\"elementor-widget-wrap elementor-element-populated\">\n\t\t\t\t\t\t\t\t<div class=\"elementor-element elementor-element-8921bc5 elementor-widget elementor-widget-wp-widget-alloggio_core_custom_font\" data-id=\"8921bc5\" data-element_type=\"widget\" data-widget_type=\"wp-widget-alloggio_core_custom_font.default\">\n\t\t\t\t<div class=\"elementor-widget-container\">\n\t\t\t<p class=\"qodef-shortcode qodef-m  qodef-custom-font qodef-custom-font-1 qodef-layout--simple\" style=\"font-size: 21px;line-height: 34px\">Masseria La Brunetta est situ\u00e9e dans un point strat\u00e9gique pour vos vacances dans les Pouilles, au centre de trois merveilleux paysages, la Vall\u00e9e d&#039;Itria, la Magna Grecia et la Terre de Bari.  La ville qui accueille La Brunetta s\u2019appelle Massafra et est connue pour ses magnifiques &quot;gravine&quot;, des ravins qui la coupent en deux.<\/p>\t\t<\/div>\n\t\t\t\t<\/div>\n\t\t\t\t<div class=\"elementor-element elementor-element-687afa9 elementor-widget elementor-widget-text-editor\" data-id=\"687afa9\" data-element_type=\"widget\" data-widget_type=\"text-editor.default\">\n\t\t\t\t<div class=\"elementor-widget-container\">\n\t\t\t\t\t\t\t<p>Masseria La Brunetta est situ\u00e9e dans un point strat\u00e9gique pour vos vacances dans les Pouilles, au centre de trois merveilleux paysages, la Vall\u00e9e d&rsquo;Itria, la Magna Grecia et la Terre de Bari.<br \/>La ville qui accueille La Brunetta s\u2019appelle Massafra et est connue pour ses magnifiques \u00ab\u00a0gravine\u00a0\u00bb, des ravins qui la coupent en deux.<\/p>\t\t\t\t\t\t<\/div>\n\t\t\t\t<\/div>\n\t\t\t\t\t<\/div>\n\t\t<\/div>\n\t\t\t\t\t\t\t<\/div>\n\t\t<\/section>\n\t\t\t\t<section class=\"elementor-section elementor-top-section elementor-element elementor-element-771e370 elementor-section-full_width qodef-elementor-content-grid elementor-section-height-default elementor-section-height-default\" data-id=\"771e370\" data-element_type=\"section\">\n\t\t\t\t\t\t<div class=\"elementor-container elementor-column-gap-default\">\n\t\t\t\t\t<div class=\"elementor-column elementor-col-66 elementor-top-column elementor-element elementor-element-51372d1\" data-id=\"51372d1\" data-element_type=\"column\">\n\t\t\t<div class=\"elementor-widget-wrap elementor-element-populated\">\n\t\t\t\t\t\t\t\t<div class=\"elementor-element elementor-element-7817def elementor-widget elementor-widget-text-editor\" data-id=\"7817def\" data-element_type=\"widget\" data-widget_type=\"text-editor.default\">\n\t\t\t\t<div class=\"elementor-widget-container\">\n\t\t\t\t\t\t\t<p>La vall\u00e9e d\u2019Itria, c\u00e9l\u00e8bre dans le monde entier pour ses trulli et ses maisons blanches peintes \u00e0 la chaux vive, offre des vues d&rsquo;une beaut\u00e9 incomparable. La qualit\u00e9 de l&rsquo;air, frais et pur, qui s&rsquo;\u00e9l\u00e8ve des collines, ses villages tels que Martina Franca, Alberobello, Locorotondo et Ostuni et sa tradition vinicole et gastronomique en font une destination imperdable pour un excellent s\u00e9jour dans les Pouilles.<\/p><p>La Magna Graecia, qui trouve son centre dans la ville de Tarente, sur la mer Ionienne, avec sa beaut\u00e9 antique et sa mer bleue cristalline qui s\u2019\u00e9tend jusqu\u2019au Salento est un lieu \u00e0 visiter et \u00e0 se laisser \u00e9merveiller.<\/p>\t\t\t\t\t\t<\/div>\n\t\t\t\t<\/div>\n\t\t\t\t\t<\/div>\n\t\t<\/div>\n\t\t\t\t<div class=\"elementor-column elementor-col-33 elementor-top-column elementor-element elementor-element-d47989d\" data-id=\"d47989d\" data-element_type=\"column\">\n\t\t\t<div class=\"elementor-widget-wrap elementor-element-populated\">\n\t\t\t\t\t\t\t\t<div class=\"elementor-element elementor-element-72a3d54 elementor-widget elementor-widget-text-editor\" data-id=\"72a3d54\" data-element_type=\"widget\" data-widget_type=\"text-editor.default\">\n\t\t\t\t<div class=\"elementor-widget-container\">\n\t\t\t\t\t\t\t<p>La Terre de Bari, qui domine la mer Adriatique \u00e0 l\u2019est, raconte des histoires m\u00e9di\u00e9vales perdues parmi les ch\u00e2teaux normands-souabes et les ruelles de villages extraordinaires comme le centre historique de Bari, Trani, Andria et Altamura.<\/p><p>De plus, la proximit\u00e9 de La Brunetta avec la c\u00f4te Ionienne qui s&rsquo;\u00e9tend jusqu&rsquo;\u00e0 la Calabre, avec ses longues plages, en fait un lieu id\u00e9al pour les vacances.<\/p>\t\t\t\t\t\t<\/div>\n\t\t\t\t<\/div>\n\t\t\t\t\t<\/div>\n\t\t<\/div>\n\t\t\t\t\t\t\t<\/div>\n\t\t<\/section>\n\t\t\t\t<section class=\"elementor-section elementor-top-section elementor-element elementor-element-e79658b elementor-section-boxed elementor-section-height-default elementor-section-height-default qodef-elementor-content-no\" data-id=\"e79658b\" data-element_type=\"section\">\n\t\t\t\t\t\t<div class=\"elementor-container elementor-column-gap-default\">\n\t\t\t\t\t<div class=\"elementor-column elementor-col-100 elementor-top-column elementor-element elementor-element-569a9d7\" data-id=\"569a9d7\" data-element_type=\"column\">\n\t\t\t<div class=\"elementor-widget-wrap elementor-element-populated\">\n\t\t\t\t\t\t\t\t<div class=\"elementor-element elementor-element-3b73432 elementor-widget elementor-widget-image-gallery\" data-id=\"3b73432\" data-element_type=\"widget\" data-widget_type=\"image-gallery.default\">\n\t\t\t\t<div class=\"elementor-widget-container\">\n\t\t\t\t\t<div class=\"elementor-image-gallery\">\n\t\t\t\n\t\t<style type=\"text\/css\">\n\t\t\t#gallery-1 {\n\t\t\t\tmargin: auto;\n\t\t\t}\n\t\t\t#gallery-1 .gallery-item {\n\t\t\t\tfloat: left;\n\t\t\t\tmargin-top: 10px;\n\t\t\t\ttext-align: center;\n\t\t\t\twidth: 33%;\n\t\t\t}\n\t\t\t#gallery-1 img {\n\t\t\t\tborder: 2px solid #cfcfcf;\n\t\t\t}\n\t\t\t#gallery-1 .gallery-caption {\n\t\t\t\tmargin-left: 0;\n\t\t\t}\n\t\t\t\/* see gallery_shortcode() in wp-includes\/media.php *\/\n\t\t<\/style>\n\t\t<div id='gallery-1' class='gallery galleryid-5997 gallery-columns-3 gallery-size-qi_addons_for_elementor_image_size_square'><dl class='gallery-item'>\n\t\t\t<dt class='gallery-icon landscape'>\n\t\t\t\t<a data-elementor-open-lightbox=\"yes\" data-elementor-lightbox-slideshow=\"3b73432\" data-elementor-lightbox-title=\"03_04_19-12_11_06-L5cf94747f7a3fce1cb0e85dd42ba6a6\" href='https:\/\/www.masserialabrunetta.it\/wp-content\/uploads\/2022\/01\/03_04_19-12_11_06-L5cf94747f7a3fce1cb0e85dd42ba6a6.jpeg'><img loading=\"lazy\" decoding=\"async\" width=\"650\" height=\"650\" src=\"https:\/\/www.masserialabrunetta.it\/wp-content\/uploads\/2022\/01\/03_04_19-12_11_06-L5cf94747f7a3fce1cb0e85dd42ba6a6-650x650.jpeg\" class=\"attachment-qi_addons_for_elementor_image_size_square size-qi_addons_for_elementor_image_size_square\" alt=\"\" srcset=\"https:\/\/www.masserialabrunetta.it\/wp-content\/uploads\/2022\/01\/03_04_19-12_11_06-L5cf94747f7a3fce1cb0e85dd42ba6a6-650x650.jpeg 650w, https:\/\/www.masserialabrunetta.it\/wp-content\/uploads\/2022\/01\/03_04_19-12_11_06-L5cf94747f7a3fce1cb0e85dd42ba6a6-300x300.jpeg 300w, https:\/\/www.masserialabrunetta.it\/wp-content\/uploads\/2022\/01\/03_04_19-12_11_06-L5cf94747f7a3fce1cb0e85dd42ba6a6-100x100.jpeg 100w, https:\/\/www.masserialabrunetta.it\/wp-content\/uploads\/2022\/01\/03_04_19-12_11_06-L5cf94747f7a3fce1cb0e85dd42ba6a6-150x150.jpeg 150w\" sizes=\"auto, (max-width: 650px) 100vw, 650px\" \/><\/a>\n\t\t\t<\/dt><\/dl><dl class='gallery-item'>\n\t\t\t<dt class='gallery-icon landscape'>\n\t\t\t\t<a data-elementor-open-lightbox=\"yes\" data-elementor-lightbox-slideshow=\"3b73432\" data-elementor-lightbox-title=\"424013006170353_Ostuni_504336925\" href='https:\/\/www.masserialabrunetta.it\/wp-content\/uploads\/2022\/01\/424013006170353_Ostuni_504336925.jpeg'><img loading=\"lazy\" decoding=\"async\" width=\"650\" height=\"650\" src=\"https:\/\/www.masserialabrunetta.it\/wp-content\/uploads\/2022\/01\/424013006170353_Ostuni_504336925-650x650.jpeg\" class=\"attachment-qi_addons_for_elementor_image_size_square size-qi_addons_for_elementor_image_size_square\" alt=\"\" srcset=\"https:\/\/www.masserialabrunetta.it\/wp-content\/uploads\/2022\/01\/424013006170353_Ostuni_504336925-650x650.jpeg 650w, https:\/\/www.masserialabrunetta.it\/wp-content\/uploads\/2022\/01\/424013006170353_Ostuni_504336925-300x300.jpeg 300w, https:\/\/www.masserialabrunetta.it\/wp-content\/uploads\/2022\/01\/424013006170353_Ostuni_504336925-100x100.jpeg 100w, https:\/\/www.masserialabrunetta.it\/wp-content\/uploads\/2022\/01\/424013006170353_Ostuni_504336925-150x150.jpeg 150w\" sizes=\"auto, (max-width: 650px) 100vw, 650px\" \/><\/a>\n\t\t\t<\/dt><\/dl><dl class='gallery-item'>\n\t\t\t<dt class='gallery-icon landscape'>\n\t\t\t\t<a data-elementor-open-lightbox=\"yes\" data-elementor-lightbox-slideshow=\"3b73432\" data-elementor-lightbox-title=\"alberobello\" href='https:\/\/www.masserialabrunetta.it\/wp-content\/uploads\/2022\/01\/alberobello.jpeg'><img loading=\"lazy\" decoding=\"async\" width=\"650\" height=\"650\" src=\"https:\/\/www.masserialabrunetta.it\/wp-content\/uploads\/2022\/01\/alberobello-650x650.jpeg\" class=\"attachment-qi_addons_for_elementor_image_size_square size-qi_addons_for_elementor_image_size_square\" alt=\"\" srcset=\"https:\/\/www.masserialabrunetta.it\/wp-content\/uploads\/2022\/01\/alberobello-650x650.jpeg 650w, https:\/\/www.masserialabrunetta.it\/wp-content\/uploads\/2022\/01\/alberobello-300x300.jpeg 300w, https:\/\/www.masserialabrunetta.it\/wp-content\/uploads\/2022\/01\/alberobello-100x100.jpeg 100w, https:\/\/www.masserialabrunetta.it\/wp-content\/uploads\/2022\/01\/alberobello-150x150.jpeg 150w\" sizes=\"auto, (max-width: 650px) 100vw, 650px\" \/><\/a>\n\t\t\t<\/dt><\/dl><br style=\"clear: both\" \/><dl class='gallery-item'>\n\t\t\t<dt class='gallery-icon landscape'>\n\t\t\t\t<a data-elementor-open-lightbox=\"yes\" data-elementor-lightbox-slideshow=\"3b73432\" data-elementor-lightbox-title=\"basilica-martina-franca\" href='https:\/\/www.masserialabrunetta.it\/wp-content\/uploads\/2022\/01\/basilica-martina-franca.jpeg'><img loading=\"lazy\" decoding=\"async\" width=\"650\" height=\"650\" src=\"https:\/\/www.masserialabrunetta.it\/wp-content\/uploads\/2022\/01\/basilica-martina-franca-650x650.jpeg\" class=\"attachment-qi_addons_for_elementor_image_size_square size-qi_addons_for_elementor_image_size_square\" alt=\"\" srcset=\"https:\/\/www.masserialabrunetta.it\/wp-content\/uploads\/2022\/01\/basilica-martina-franca-650x650.jpeg 650w, https:\/\/www.masserialabrunetta.it\/wp-content\/uploads\/2022\/01\/basilica-martina-franca-300x300.jpeg 300w, https:\/\/www.masserialabrunetta.it\/wp-content\/uploads\/2022\/01\/basilica-martina-franca-100x100.jpeg 100w, https:\/\/www.masserialabrunetta.it\/wp-content\/uploads\/2022\/01\/basilica-martina-franca-150x150.jpeg 150w\" sizes=\"auto, (max-width: 650px) 100vw, 650px\" \/><\/a>\n\t\t\t<\/dt><\/dl><dl class='gallery-item'>\n\t\t\t<dt class='gallery-icon landscape'>\n\t\t\t\t<a data-elementor-open-lightbox=\"yes\" data-elementor-lightbox-slideshow=\"3b73432\" data-elementor-lightbox-title=\"salento-2021-scaled\" href='https:\/\/www.masserialabrunetta.it\/wp-content\/uploads\/2022\/01\/salento-2021-scaled-1.jpeg'><img loading=\"lazy\" decoding=\"async\" width=\"650\" height=\"650\" src=\"https:\/\/www.masserialabrunetta.it\/wp-content\/uploads\/2022\/01\/salento-2021-scaled-1-650x650.jpeg\" class=\"attachment-qi_addons_for_elementor_image_size_square size-qi_addons_for_elementor_image_size_square\" alt=\"\" srcset=\"https:\/\/www.masserialabrunetta.it\/wp-content\/uploads\/2022\/01\/salento-2021-scaled-1-650x650.jpeg 650w, https:\/\/www.masserialabrunetta.it\/wp-content\/uploads\/2022\/01\/salento-2021-scaled-1-300x300.jpeg 300w, https:\/\/www.masserialabrunetta.it\/wp-content\/uploads\/2022\/01\/salento-2021-scaled-1-100x100.jpeg 100w, https:\/\/www.masserialabrunetta.it\/wp-content\/uploads\/2022\/01\/salento-2021-scaled-1-150x150.jpeg 150w\" sizes=\"auto, (max-width: 650px) 100vw, 650px\" \/><\/a>\n\t\t\t<\/dt><\/dl><dl class='gallery-item'>\n\t\t\t<dt class='gallery-icon landscape'>\n\t\t\t\t<a data-elementor-open-lightbox=\"yes\" data-elementor-lightbox-slideshow=\"3b73432\" data-elementor-lightbox-title=\"taranto-sera\" href='https:\/\/www.masserialabrunetta.it\/wp-content\/uploads\/2022\/01\/taranto-sera.jpeg'><img loading=\"lazy\" decoding=\"async\" width=\"650\" height=\"650\" src=\"https:\/\/www.masserialabrunetta.it\/wp-content\/uploads\/2022\/01\/taranto-sera-650x650.jpeg\" class=\"attachment-qi_addons_for_elementor_image_size_square size-qi_addons_for_elementor_image_size_square\" alt=\"\" srcset=\"https:\/\/www.masserialabrunetta.it\/wp-content\/uploads\/2022\/01\/taranto-sera-650x650.jpeg 650w, https:\/\/www.masserialabrunetta.it\/wp-content\/uploads\/2022\/01\/taranto-sera-300x300.jpeg 300w, https:\/\/www.masserialabrunetta.it\/wp-content\/uploads\/2022\/01\/taranto-sera-100x100.jpeg 100w, https:\/\/www.masserialabrunetta.it\/wp-content\/uploads\/2022\/01\/taranto-sera-150x150.jpeg 150w\" sizes=\"auto, (max-width: 650px) 100vw, 650px\" \/><\/a>\n\t\t\t<\/dt><\/dl><br style=\"clear: both\" \/>\n\t\t<\/div>\n\t\t<\/div>\n\t\t\t\t<\/div>\n\t\t\t\t<\/div>\n\t\t\t\t\t<\/div>\n\t\t<\/div>\n\t\t\t\t\t\t\t<\/div>\n\t\t<\/section>\n\t\t\t\t<section class=\"elementor-section elementor-top-section elementor-element elementor-element-8ec562e elementor-section-boxed elementor-section-height-default elementor-section-height-default qodef-elementor-content-no\" data-id=\"8ec562e\" data-element_type=\"section\">\n\t\t\t\t\t\t<div class=\"elementor-container elementor-column-gap-default\">\n\t\t\t\t\t<div class=\"elementor-column elementor-col-100 elementor-top-column elementor-element elementor-element-0555a2f\" data-id=\"0555a2f\" data-element_type=\"column\">\n\t\t\t<div class=\"elementor-widget-wrap elementor-element-populated\">\n\t\t\t\t\t\t\t\t<div class=\"elementor-element elementor-element-8e92980 elementor-widget elementor-widget-spacer\" data-id=\"8e92980\" data-element_type=\"widget\" data-widget_type=\"spacer.default\">\n\t\t\t\t<div class=\"elementor-widget-container\">\n\t\t\t\t\t<div class=\"elementor-spacer\">\n\t\t\t<div class=\"elementor-spacer-inner\"><\/div>\n\t\t<\/div>\n\t\t\t\t<\/div>\n\t\t\t\t<\/div>\n\t\t\t\t\t<\/div>\n\t\t<\/div>\n\t\t\t\t\t\t\t<\/div>\n\t\t<\/section>\n\t\t\t\t\t\t<\/div>\n\t\t\t\t\t<\/div>\n\t\t","protected":false},"excerpt":{"rendered":"<p>Vos vacances dans les Pouilles. Masseria La Brunetta est situ\u00e9e dans un point strat\u00e9gique pour vos vacances dans les Pouilles, au centre de trois merveilleux paysages, la Vall\u00e9e d&rsquo;Itria, la Magna Grecia et la Terre de Bari.La ville qui accueille La Brunetta s\u2019appelle Massafra et est connue pour ses magnifiques \u00ab\u00a0gravine\u00a0\u00bb, des ravins qui la [&hellip;]<\/p>\n","protected":false},"author":1,"featured_media":0,"parent":0,"menu_order":0,"comment_status":"closed","ping_status":"closed","template":"page-full-width.php","meta":{"footnotes":""},"class_list":["post-5997","page","type-page","status-publish","hentry"],"_links":{"self":[{"href":"https:\/\/www.masserialabrunetta.it\/fr\/wp-json\/wp\/v2\/pages\/5997","targetHints":{"allow":["GET"]}}],"collection":[{"href":"https:\/\/www.masserialabrunetta.it\/fr\/wp-json\/wp\/v2\/pages"}],"about":[{"href":"https:\/\/www.masserialabrunetta.it\/fr\/wp-json\/wp\/v2\/types\/page"}],"author":[{"embeddable":true,"href":"https:\/\/www.masserialabrunetta.it\/fr\/wp-json\/wp\/v2\/users\/1"}],"replies":[{"embeddable":true,"href":"https:\/\/www.masserialabrunetta.it\/fr\/wp-json\/wp\/v2\/comments?post=5997"}],"version-history":[{"count":4,"href":"https:\/\/www.masserialabrunetta.it\/fr\/wp-json\/wp\/v2\/pages\/5997\/revisions"}],"predecessor-version":[{"id":6001,"href":"https:\/\/www.masserialabrunetta.it\/fr\/wp-json\/wp\/v2\/pages\/5997\/revisions\/6001"}],"wp:attachment":[{"href":"https:\/\/www.masserialabrunetta.it\/fr\/wp-json\/wp\/v2\/media?parent=5997"}],"curies":[{"name":"wp","href":"https:\/\/api.w.org\/{rel}","templated":true}]}}