{"id":6012,"date":"2022-03-16T16:52:14","date_gmt":"2022-03-16T15:52:14","guid":{"rendered":"https:\/\/masserialabrunetta.it\/?page_id=6012"},"modified":"2022-11-23T15:08:07","modified_gmt":"2022-11-23T14:08:07","slug":"tarifs","status":"publish","type":"page","link":"https:\/\/www.masserialabrunetta.it\/fr\/tarifs\/","title":{"rendered":"Tarifs"},"content":{"rendered":"\t\t<div data-elementor-type=\"wp-page\" data-elementor-id=\"6012\" class=\"elementor elementor-6012\" data-elementor-settings=\"[]\">\n\t\t\t\t\t\t\t<div class=\"elementor-section-wrap\">\n\t\t\t\t\t\t\t<section class=\"elementor-section elementor-top-section elementor-element elementor-element-3ffcb35 elementor-section-full_width qodef-elementor-content-grid elementor-section-height-default elementor-section-height-default\" data-id=\"3ffcb35\" data-element_type=\"section\">\n\t\t\t\t\t\t<div class=\"elementor-container elementor-column-gap-no\">\n\t\t\t\t\t<div class=\"elementor-column elementor-col-100 elementor-top-column elementor-element elementor-element-935c5ec\" data-id=\"935c5ec\" data-element_type=\"column\">\n\t\t\t<div class=\"elementor-widget-wrap elementor-element-populated\">\n\t\t\t\t\t\t\t\t<div class=\"elementor-element elementor-element-4c7511c elementor-widget elementor-widget-alloggio_core_section_title\" data-id=\"4c7511c\" data-element_type=\"widget\" data-widget_type=\"alloggio_core_section_title.default\">\n\t\t\t\t<div class=\"elementor-widget-container\">\n\t\t\t<div class=\"qodef-shortcode qodef-m  qodef-section-title qodef-alignment--center\">\n\t\t<h2 class=\"qodef-m-title\" >\n\t\t\t\t\tTarifs et conditions\t\t\t<\/h2>\n\t\t<span class=\"qodef-m-text\" >Nos offres sont divis\u00e9es par saisonnalit\u00e9 : haute, moyenne et basse. Tous les s\u00e9jours incluent les m\u00eames conditions, quelle que soit la p\u00e9riode.<\/span>\n<\/div>\t\t<\/div>\n\t\t\t\t<\/div>\n\t\t\t\t\t<\/div>\n\t\t<\/div>\n\t\t\t\t\t\t\t<\/div>\n\t\t<\/section>\n\t\t\t\t<section class=\"elementor-section elementor-top-section elementor-element elementor-element-48ebb83 elementor-section-full_width qodef-elementor-content-grid elementor-section-height-default elementor-section-height-default\" data-id=\"48ebb83\" data-element_type=\"section\">\n\t\t\t\t\t\t<div class=\"elementor-container elementor-column-gap-no\">\n\t\t\t\t\t<div class=\"elementor-column elementor-col-33 elementor-top-column elementor-element elementor-element-431bb12\" data-id=\"431bb12\" data-element_type=\"column\">\n\t\t\t<div class=\"elementor-widget-wrap elementor-element-populated\">\n\t\t\t\t\t\t\t\t<div class=\"elementor-element elementor-element-f9965ad elementor-widget elementor-widget-alloggio_core_pricing_table\" data-id=\"f9965ad\" data-element_type=\"widget\" data-widget_type=\"alloggio_core_pricing_table.default\">\n\t\t\t\t<div class=\"elementor-widget-container\">\n\t\t\t<div class=\"qodef-shortcode qodef-m  qodef-pricing-table qodef-layout--standard qodef-status--regular\" >\n\t<div class=\"qodef-m-inner\">\n\t\t\t<div class=\"qodef-m-title\">\n\t\t<p >du 1er janvier au 31 mai<\/p>\n\t<\/div>\n\t\t\t<div class=\"qodef-m-price\">\n\t\t<div class=\"qodef-m-price-wrapper\" >\n\t\t\t<span class=\"qodef-m-price-value\">Basse saison<\/span>\n\t\t\t\t\t<\/div>\n\t<\/div>\n\t\t\t<div class=\"qodef-m-content\"><ul><li>Chambre d'h\u00f4tes et petit-d\u00e9jeuner italien\u00a0;<\/li><li>Chambre avec salle de bain et climatisation\u00a0;<\/li><li>Enregistrement entre 11.00h et 20.00h\u00a0;<\/li><li>D\u00e9part avant 11.00h\u00a0;<\/li><li>Utilisation de la piscine et du court de tennis\u00a0;<\/li><li>Wi-Fi dans la chambre et les espaces communs\u00a0;<\/li><li>\u00a0t\u00e9l\u00e9vision par satellite\u00a0;<\/li><li>Frigo bar dans la chambre\u00a0;<\/li><li>S\u00fbr\u00a0;<\/li><li>Parking r\u00e9serv\u00e9.<br \/><span style=\"text-decoration: underline;\"><br \/>Services optionnels, payants\u00a0:<\/span><\/li><li>Navette de \/ vers l'a\u00e9roport de Bari et Brindisi\u00a0;<\/li><li>Location de voiture.<br \/><br \/><\/li><\/ul><p>Chambre simple<br \/><span class=\"prezzo\">80,00 \u20ac<\/span> par nuit<\/p><p>Chambre double<\/p><p><span class=\"prezzo\">120,00 \u20ac<\/span> par nuit<\/p><p><em>Late\/Early check-in: + 30,00 \u20ac<\/em><\/p><p><em>Late check-out: + 30,00 \u20ac<\/em><\/p><\/div>\n\t\t\t<div class=\"qodef-m-button clear\">\n\t\t<a class=\"qodef-shortcode qodef-m  qodef-button qodef-layout--outlined  qodef-html--link\" href=\"https:\/\/masserialabrunetta.it\/fr\/room\/?layout=standard\" target=\"_self\"  style=\"margin: 53px 0 0 0\">\t<span class=\"qodef-m-text\">Les Chambres<\/span>\t<span class=\"qodef-m-background-holder\" ><\/span><\/a>\t<\/div>\n\t<\/div>\n<\/div>\t\t<\/div>\n\t\t\t\t<\/div>\n\t\t\t\t\t<\/div>\n\t\t<\/div>\n\t\t\t\t<div class=\"elementor-column elementor-col-33 elementor-top-column elementor-element elementor-element-9a35209\" data-id=\"9a35209\" data-element_type=\"column\">\n\t\t\t<div class=\"elementor-widget-wrap elementor-element-populated\">\n\t\t\t\t\t\t\t\t<div class=\"elementor-element elementor-element-e064eeb elementor-widget elementor-widget-alloggio_core_pricing_table\" data-id=\"e064eeb\" data-element_type=\"widget\" data-widget_type=\"alloggio_core_pricing_table.default\">\n\t\t\t\t<div class=\"elementor-widget-container\">\n\t\t\t<div class=\"qodef-shortcode qodef-m  qodef-pricing-table qodef-layout--standard qodef-status--regular\" >\n\t<div class=\"qodef-m-inner\">\n\t\t\t<div class=\"qodef-m-title\">\n\t\t<p >Du 1er juin au 15 septembre<\/p>\n\t<\/div>\n\t\t\t<div class=\"qodef-m-price\">\n\t\t<div class=\"qodef-m-price-wrapper\" >\n\t\t\t<span class=\"qodef-m-price-value\">Haute saison<\/span>\n\t\t\t\t\t<\/div>\n\t<\/div>\n\t\t\t<div class=\"qodef-m-content\"><ul><li>Chambre d'h\u00f4tes et petit-d\u00e9jeuner italien\u00a0;<\/li><li>Chambre avec salle de bain et climatisation\u00a0;<\/li><li>Enregistrement entre 11.00h et 20.00h\u00a0;<\/li><li>D\u00e9part avant 11.00h\u00a0;<\/li><li>Utilisation de la piscine et du court de tennis\u00a0;<\/li><li>Wi-Fi dans la chambre et les espaces communs\u00a0;<\/li><li>\u00a0t\u00e9l\u00e9vision par satellite\u00a0;<\/li><li>Frigo bar dans la chambre\u00a0;<\/li><li>S\u00fbr\u00a0;<\/li><li>Parking r\u00e9serv\u00e9.<span style=\"text-decoration: underline;\"><br \/>Services optionnels, payants\u00a0:<\/span><\/li><li>Navette de \/ vers l'a\u00e9roport de Bari et Brindisi\u00a0;<\/li><li>Location de voiture.<br \/><br \/><\/li><\/ul><p>Chambre simple<br \/><span class=\"prezzo\">80,00 \u20ac<\/span> par nuit<\/p><p>Chambre double<br \/><span class=\"prezzo\">170,00 \u20ac<\/span> par nuit<\/p><p>\u00a0<\/p><p><em>Late\/Early check-in: + 30,00 \u20ac<\/em><\/p><p><em>Late check-out: + 30,00 \u20ac<\/em><\/p><\/div>\n\t\t\t<div class=\"qodef-m-button clear\">\n\t\t<a class=\"qodef-shortcode qodef-m  qodef-button qodef-layout--outlined  qodef-html--link\" href=\"https:\/\/masserialabrunetta.it\/fr\/room\/?layout=standard\" target=\"_self\"  style=\"margin: 53px 0 0 0\">\t<span class=\"qodef-m-text\">Les Chambres<\/span>\t<span class=\"qodef-m-background-holder\" ><\/span><\/a>\t<\/div>\n\t<\/div>\n<\/div>\t\t<\/div>\n\t\t\t\t<\/div>\n\t\t\t\t\t<\/div>\n\t\t<\/div>\n\t\t\t\t<div class=\"elementor-column elementor-col-33 elementor-top-column elementor-element elementor-element-b6f6bcd\" data-id=\"b6f6bcd\" data-element_type=\"column\">\n\t\t\t<div class=\"elementor-widget-wrap elementor-element-populated\">\n\t\t\t\t\t\t\t\t<div class=\"elementor-element elementor-element-869fc11 elementor-widget elementor-widget-alloggio_core_pricing_table\" data-id=\"869fc11\" data-element_type=\"widget\" data-widget_type=\"alloggio_core_pricing_table.default\">\n\t\t\t\t<div class=\"elementor-widget-container\">\n\t\t\t<div class=\"qodef-shortcode qodef-m  qodef-pricing-table qodef-layout--standard qodef-status--regular\" >\n\t<div class=\"qodef-m-inner\">\n\t\t\t<div class=\"qodef-m-title\">\n\t\t<p >Du 16 septembre au 31 d\u00e9cembre<\/p>\n\t<\/div>\n\t\t\t<div class=\"qodef-m-price\">\n\t\t<div class=\"qodef-m-price-wrapper\" >\n\t\t\t<span class=\"qodef-m-price-value\">Basse saison<\/span>\n\t\t\t\t\t<\/div>\n\t<\/div>\n\t\t\t<div class=\"qodef-m-content\"><ul><li>Chambre d'h\u00f4tes et petit-d\u00e9jeuner italien\u00a0;<\/li><li>Chambre avec salle de bain et climatisation\u00a0;<\/li><li>Enregistrement entre 11.00h et 20.00h\u00a0;<\/li><li>D\u00e9part avant 11.00h\u00a0;<\/li><li>Utilisation de la piscine et du court de tennis\u00a0;<\/li><li>Wi-Fi dans la chambre et les espaces communs\u00a0;<\/li><li>\u00a0t\u00e9l\u00e9vision par satellite\u00a0;<\/li><li>Frigo bar dans la chambre\u00a0;<\/li><li>S\u00fbr\u00a0;<\/li><li>Parking r\u00e9serv\u00e9.<br \/><span style=\"text-decoration: underline;\"><br \/>Services optionnels, payants\u00a0:<\/span><\/li><li>Navette de \/ vers l'a\u00e9roport de Bari et Brindisi\u00a0;<\/li><li>Location de voiture.<br \/><br \/>Chambre simple<\/li><\/ul><p><span class=\"prezzo\">80,00 \u20ac<\/span> par nuit<br \/><br \/>Chambre double<br \/><span class=\"prezzo\">120,00 \u20ac<\/span> par nuit<\/p><p>\u00a0<\/p><p><em>Late\/Early check-in: + 30,00 \u20ac<\/em><\/p><p><em>Late check-out: + 30,00 \u20ac<\/em><\/p><\/div>\n\t\t\t<div class=\"qodef-m-button clear\">\n\t\t<a class=\"qodef-shortcode qodef-m  qodef-button qodef-layout--outlined  qodef-html--link\" href=\"https:\/\/masserialabrunetta.it\/fr\/room\/?layout=standard\" target=\"_self\"  style=\"margin: 53px 0 0 0\">\t<span class=\"qodef-m-text\">Les Chambres<\/span>\t<span class=\"qodef-m-background-holder\" ><\/span><\/a>\t<\/div>\n\t<\/div>\n<\/div>\t\t<\/div>\n\t\t\t\t<\/div>\n\t\t\t\t\t<\/div>\n\t\t<\/div>\n\t\t\t\t\t\t\t<\/div>\n\t\t<\/section>\n\t\t\t\t<section class=\"elementor-section elementor-top-section elementor-element elementor-element-589bf6c elementor-section-full_width elementor-section-height-default elementor-section-height-default qodef-elementor-content-no\" data-id=\"589bf6c\" data-element_type=\"section\">\n\t\t\t\t\t\t<div class=\"elementor-container elementor-column-gap-no\">\n\t\t\t\t\t<div class=\"elementor-column elementor-col-100 elementor-top-column elementor-element elementor-element-f98e1f0\" data-id=\"f98e1f0\" data-element_type=\"column\">\n\t\t\t<div class=\"elementor-widget-wrap\">\n\t\t\t\t\t\t\t\t\t<\/div>\n\t\t<\/div>\n\t\t\t\t\t\t\t<\/div>\n\t\t<\/section>\n\t\t\t\t\t\t<\/div>\n\t\t\t\t\t<\/div>\n\t\t","protected":false},"excerpt":{"rendered":"<p>Tarifs et conditions Nos offres sont divis\u00e9es par saisonnalit\u00e9 : haute, moyenne et basse. Tous les s\u00e9jours incluent les m\u00eames conditions, quelle que soit la p\u00e9riode. du 1er janvier au 31 mai Basse saison Chambre d&rsquo;h\u00f4tes et petit-d\u00e9jeuner italien\u00a0; Chambre avec salle de bain et climatisation\u00a0; Enregistrement entre 11.00h et 20.00h\u00a0; D\u00e9part avant 11.00h\u00a0; Utilisation [&hellip;]<\/p>\n","protected":false},"author":1,"featured_media":0,"parent":0,"menu_order":0,"comment_status":"closed","ping_status":"closed","template":"page-full-width.php","meta":{"footnotes":""},"class_list":["post-6012","page","type-page","status-publish","hentry"],"_links":{"self":[{"href":"https:\/\/www.masserialabrunetta.it\/fr\/wp-json\/wp\/v2\/pages\/6012","targetHints":{"allow":["GET"]}}],"collection":[{"href":"https:\/\/www.masserialabrunetta.it\/fr\/wp-json\/wp\/v2\/pages"}],"about":[{"href":"https:\/\/www.masserialabrunetta.it\/fr\/wp-json\/wp\/v2\/types\/page"}],"author":[{"embeddable":true,"href":"https:\/\/www.masserialabrunetta.it\/fr\/wp-json\/wp\/v2\/users\/1"}],"replies":[{"embeddable":true,"href":"https:\/\/www.masserialabrunetta.it\/fr\/wp-json\/wp\/v2\/comments?post=6012"}],"version-history":[{"count":28,"href":"https:\/\/www.masserialabrunetta.it\/fr\/wp-json\/wp\/v2\/pages\/6012\/revisions"}],"predecessor-version":[{"id":8485,"href":"https:\/\/www.masserialabrunetta.it\/fr\/wp-json\/wp\/v2\/pages\/6012\/revisions\/8485"}],"wp:attachment":[{"href":"https:\/\/www.masserialabrunetta.it\/fr\/wp-json\/wp\/v2\/media?parent=6012"}],"curies":[{"name":"wp","href":"https:\/\/api.w.org\/{rel}","templated":true}]}}